{"id":989564,"date":"2020-03-02T08:27:43","date_gmt":"2020-03-02T08:27:43","guid":{"rendered":"https:\/\/arzuagapipes.com\/tienda\/"},"modified":"2026-03-18T05:42:10","modified_gmt":"2026-03-18T05:42:10","slug":"tienda","status":"publish","type":"page","link":"https:\/\/arzuagapipes.com\/es\/tienda\/","title":{"rendered":"Tienda"},"content":{"rendered":"\t\t<div data-elementor-type=\"wp-page\" data-elementor-id=\"989564\" class=\"elementor elementor-989564 elementor-22\" data-elementor-post-type=\"page\">\n\t\t\t\t\t\t<section class=\"elementor-section elementor-top-section elementor-element elementor-element-588df2a elementor-section-boxed elementor-section-height-default elementor-section-height-default\" data-id=\"588df2a\" data-element_type=\"section\" data-e-type=\"section\">\n\t\t\t\t\t\t<div class=\"elementor-container elementor-column-gap-default\">\n\t\t\t\t\t<div class=\"elementor-column elementor-col-100 elementor-top-column elementor-element elementor-element-52b3c24\" data-id=\"52b3c24\" data-element_type=\"column\" data-e-type=\"column\">\n\t\t\t<div class=\"elementor-widget-wrap elementor-element-populated\">\n\t\t\t\t\t\t<div class=\"elementor-element elementor-element-5fa8ac8 elementor-widget elementor-widget-heading\" data-id=\"5fa8ac8\" data-element_type=\"widget\" data-e-type=\"widget\" data-widget_type=\"heading.default\">\n\t\t\t\t<div class=\"elementor-widget-container\">\n\t\t\t\t\t<h2 class=\"elementor-heading-title elementor-size-default\">Encuentra la pipa perfecta<br>para ti<\/h2>\t\t\t\t<\/div>\n\t\t\t\t<\/div>\n\t\t\t\t\t<\/div>\n\t\t<\/div>\n\t\t\t\t\t<\/div>\n\t\t<\/section>\n\t\t\t\t<section class=\"elementor-section elementor-top-section elementor-element elementor-element-b243149 elementor-section-boxed elementor-section-height-default elementor-section-height-default\" data-id=\"b243149\" data-element_type=\"section\" data-e-type=\"section\">\n\t\t\t\t\t\t<div class=\"elementor-container elementor-column-gap-default\">\n\t\t\t\t\t<div class=\"elementor-column elementor-col-100 elementor-top-column elementor-element elementor-element-93d3635\" data-id=\"93d3635\" data-element_type=\"column\" data-e-type=\"column\">\n\t\t\t<div class=\"elementor-widget-wrap elementor-element-populated\">\n\t\t\t\t\t\t\t<\/div>\n\t\t<\/div>\n\t\t\t\t\t<\/div>\n\t\t<\/section>\n\t\t\t\t<section class=\"elementor-section elementor-top-section elementor-element elementor-element-cfd23f8 elementor-section-boxed elementor-section-height-default elementor-section-height-default\" data-id=\"cfd23f8\" data-element_type=\"section\" data-e-type=\"section\" data-settings=\"{&quot;background_background&quot;:&quot;classic&quot;}\">\n\t\t\t\t\t\t<div class=\"elementor-container elementor-column-gap-default\">\n\t\t\t\t\t<div class=\"elementor-column elementor-col-100 elementor-top-column elementor-element elementor-element-12ddddd\" data-id=\"12ddddd\" data-element_type=\"column\" data-e-type=\"column\">\n\t\t\t<div class=\"elementor-widget-wrap elementor-element-populated\">\n\t\t\t\t\t\t<div class=\"elementor-element elementor-element-028dda8 elementor-widget elementor-widget-heading\" data-id=\"028dda8\" data-element_type=\"widget\" data-e-type=\"widget\" data-widget_type=\"heading.default\">\n\t\t\t\t<div class=\"elementor-widget-container\">\n\t\t\t\t\t<div class=\"elementor-heading-title elementor-size-default\">Colecciones<\/div>\t\t\t\t<\/div>\n\t\t\t\t<\/div>\n\t\t\t\t<div class=\"elementor-element elementor-element-1541636 animated-slow elementor-widget__width-initial elementor-invisible elementor-widget elementor-widget-text-editor\" data-id=\"1541636\" data-element_type=\"widget\" data-e-type=\"widget\" data-settings=\"{&quot;_animation&quot;:&quot;fadeIn&quot;,&quot;_animation_delay&quot;:200}\" data-widget_type=\"text-editor.default\">\n\t\t\t\t<div class=\"elementor-widget-container\">\n\t\t\t\t\t\t\t\t\t<p>Descubre mi colecci\u00f3n de pipas de fumar. Piezas \u00fanicas donde tradici\u00f3n, dise\u00f1o y personalidad se unen en cada detalle.<\/p>\t\t\t\t\t\t\t\t<\/div>\n\t\t\t\t<\/div>\n\t\t\t\t\t<\/div>\n\t\t<\/div>\n\t\t\t\t\t<\/div>\n\t\t<\/section>\n\t\t\t\t<section class=\"elementor-section elementor-top-section elementor-element elementor-element-a7cf4a4 elementor-section-boxed elementor-section-height-default elementor-section-height-default\" data-id=\"a7cf4a4\" data-element_type=\"section\" data-e-type=\"section\" data-settings=\"{&quot;background_background&quot;:&quot;classic&quot;}\">\n\t\t\t\t\t\t<div class=\"elementor-container elementor-column-gap-default\">\n\t\t\t\t\t<div class=\"elementor-column elementor-col-100 elementor-top-column elementor-element elementor-element-ae5e9ef\" data-id=\"ae5e9ef\" data-element_type=\"column\" data-e-type=\"column\">\n\t\t\t<div class=\"elementor-widget-wrap elementor-element-populated\">\n\t\t\t\t\t\t<div class=\"elementor-element elementor-element-29f99db elementor-grid-mobile-1 elementor-grid-3 elementor-grid-tablet-3 elementor-products-grid elementor-wc-products elementor-widget elementor-widget-wc-categories\" data-id=\"29f99db\" data-element_type=\"widget\" data-e-type=\"widget\" data-widget_type=\"wc-categories.default\">\n\t\t\t\t<div class=\"elementor-widget-container\">\n\t\t\t\t\t<div class=\"woocommerce columns-3\"><ul class=\"products elementor-grid vamtam-wc columns-3\">\n<li class=\"product-category product first\">\n\t<a aria-label=\"Visitar la categor\u00eda de producto art\u00edstica\" href=\"https:\/\/arzuagapipes.com\/es\/product-category\/artistica\/\"><img decoding=\"async\" src=\"https:\/\/arzuagapipes.com\/wp-content\/uploads\/2026\/03\/artistic-category-480x593.jpg\" alt=\"art\u00edstica\" width=\"480\" height=\"\" srcset=\"https:\/\/arzuagapipes.com\/wp-content\/uploads\/2026\/03\/artistic-category-480x593.jpg 480w, https:\/\/arzuagapipes.com\/wp-content\/uploads\/2026\/03\/artistic-category-243x300.jpg 243w, https:\/\/arzuagapipes.com\/wp-content\/uploads\/2026\/03\/artistic-category.jpg 497w\" sizes=\"(max-width: 480px) 100vw, 480px\" \/>\t\t\t\n\t\t\t<!-- Open content -->\n\t\t\t<div class=\"vamtam-product-cat-content\">\n\t\t\t\t\t\t\t\t\t\t<span class=\"vamtam-cat-first-letter\">a<\/span>\n\t\t\t\t\t\t\t\t\t<h2 class=\"woocommerce-loop-category__title\">\n\t\t\tart\u00edstica <mark class=\"count\">(8)<\/mark>\t\t<\/h2>\n\t\t\t\t\t\t\t\t\t<!-- Close content -->\n\t\t\t\t<\/div>\n\n\t\t\t\t<\/a><\/li>\n<li class=\"product-category product\">\n\t<a aria-label=\"Visitar la categor\u00eda de producto cl\u00e1sica\" href=\"https:\/\/arzuagapipes.com\/es\/product-category\/clasica\/\"><img decoding=\"async\" src=\"https:\/\/arzuagapipes.com\/wp-content\/uploads\/2026\/03\/classic-category-480x593.jpg\" alt=\"cl\u00e1sica\" width=\"480\" height=\"\" srcset=\"https:\/\/arzuagapipes.com\/wp-content\/uploads\/2026\/03\/classic-category-480x593.jpg 480w, https:\/\/arzuagapipes.com\/wp-content\/uploads\/2026\/03\/classic-category-243x300.jpg 243w, https:\/\/arzuagapipes.com\/wp-content\/uploads\/2026\/03\/classic-category.jpg 497w\" sizes=\"(max-width: 480px) 100vw, 480px\" \/>\t\t\t\n\t\t\t<!-- Open content -->\n\t\t\t<div class=\"vamtam-product-cat-content\">\n\t\t\t\t\t\t\t\t\t\t<span class=\"vamtam-cat-first-letter\">c<\/span>\n\t\t\t\t\t\t\t\t\t<h2 class=\"woocommerce-loop-category__title\">\n\t\t\tcl\u00e1sica <mark class=\"count\">(7)<\/mark>\t\t<\/h2>\n\t\t\t\t\t\t\t\t\t<!-- Close content -->\n\t\t\t\t<\/div>\n\n\t\t\t\t<\/a><\/li>\n<li class=\"product-category product last\">\n\t<a aria-label=\"Visitar la categor\u00eda de producto tallada\" href=\"https:\/\/arzuagapipes.com\/es\/product-category\/tallada\/\"><img decoding=\"async\" src=\"https:\/\/arzuagapipes.com\/wp-content\/uploads\/2026\/03\/carved-category-480x593.jpg\" alt=\"tallada\" width=\"480\" height=\"\" srcset=\"https:\/\/arzuagapipes.com\/wp-content\/uploads\/2026\/03\/carved-category-480x593.jpg 480w, https:\/\/arzuagapipes.com\/wp-content\/uploads\/2026\/03\/carved-category-243x300.jpg 243w, https:\/\/arzuagapipes.com\/wp-content\/uploads\/2026\/03\/carved-category.jpg 497w\" sizes=\"(max-width: 480px) 100vw, 480px\" \/>\t\t\t\n\t\t\t<!-- Open content -->\n\t\t\t<div class=\"vamtam-product-cat-content\">\n\t\t\t\t\t\t\t\t\t\t<span class=\"vamtam-cat-first-letter\">t<\/span>\n\t\t\t\t\t\t\t\t\t<h2 class=\"woocommerce-loop-category__title\">\n\t\t\ttallada <mark class=\"count\">(4)<\/mark>\t\t<\/h2>\n\t\t\t\t\t\t\t\t\t<!-- Close content -->\n\t\t\t\t<\/div>\n\n\t\t\t\t<\/a><\/li>\n<\/ul>\n<\/div>\t\t\t\t<\/div>\n\t\t\t\t<\/div>\n\t\t\t\t<div class=\"elementor-element elementor-element-f38283d elementor-button-bijoux-alt elementor-align-center elementor-invisible elementor-widget elementor-widget-button\" data-id=\"f38283d\" data-element_type=\"widget\" data-e-type=\"widget\" data-settings=\"{&quot;_animation&quot;:&quot;fadeIn&quot;,&quot;_animation_delay&quot;:550}\" data-widget_type=\"button.default\">\n\t\t\t\t<div class=\"elementor-widget-container\">\n\t\t\t\t\t\t\t\t\t<div class=\"elementor-button-wrapper\">\n\t\t\t\t\t<a href=\"https:\/\/arzuagapipes.com\/es\/colecciones\/\" class=\"elementor-button-link elementor-button\" role=\"button\">\n\t\t\t\t\t\t\t\t\t\t\t\t\t\t\t<span class=\"elementor-button-content-wrapper\"><span class=\"vamtam-prefix\"><\/span>\n\t\t\t\t\t\t\t\t\t<span class=\"elementor-button-text\">Visita mis colecciones<\/span>\n\t\t\t\t\t<\/span>\n\t\t\t\t\t\t\t\t\t\t\t\t\t<\/a>\n\t\t\t\t<\/div>\n\t\t\t\t\t\t\t\t<\/div>\n\t\t\t\t<\/div>\n\t\t\t\t\t<\/div>\n\t\t<\/div>\n\t\t\t\t\t<\/div>\n\t\t<\/section>\n\t\t\t\t<section class=\"elementor-section elementor-top-section elementor-element elementor-element-80178d5 elementor-section-boxed elementor-section-height-default elementor-section-height-default\" data-id=\"80178d5\" data-element_type=\"section\" data-e-type=\"section\" data-settings=\"{&quot;background_background&quot;:&quot;classic&quot;}\">\n\t\t\t\t\t\t<div class=\"elementor-container elementor-column-gap-narrow\">\n\t\t\t\t\t<div class=\"elementor-column elementor-col-33 elementor-top-column elementor-element elementor-element-8efb1e3\" data-id=\"8efb1e3\" data-element_type=\"column\" data-e-type=\"column\">\n\t\t\t<div class=\"elementor-widget-wrap elementor-element-populated\">\n\t\t\t\t\t\t<div class=\"elementor-element elementor-element-4b91443 elementor-widget__width-initial elementor-widget-mobile__width-initial elementor-hidden-desktop elementor-widget elementor-widget-image\" data-id=\"4b91443\" data-element_type=\"widget\" data-e-type=\"widget\" data-widget_type=\"image.default\">\n\t\t\t\t<div class=\"elementor-widget-container\">\n\t\t\t\t\t\t\t\t\t<div class=\"elementor-image\">\n\t\t\t\t\t\t\t\t\t\t\t\t\t\t\t\t\t\t\t\t\t<img fetchpriority=\"high\" decoding=\"async\" width=\"576\" height=\"731\" src=\"https:\/\/arzuagapipes.com\/wp-content\/uploads\/2026\/03\/Rectangle-22.jpg\" class=\"attachment-large size-large wp-image-989502\" alt=\"\" srcset=\"https:\/\/arzuagapipes.com\/wp-content\/uploads\/2026\/03\/Rectangle-22.jpg 576w, https:\/\/arzuagapipes.com\/wp-content\/uploads\/2026\/03\/Rectangle-22-236x300.jpg 236w, https:\/\/arzuagapipes.com\/wp-content\/uploads\/2026\/03\/Rectangle-22-480x609.jpg 480w\" sizes=\"(max-width: 576px) 100vw, 576px\" \/>\t\t\t\t\t\t\t\t\t\t\t\t\t\t\t\t\t\t\t\t\t\t\t\t<\/div>\n\t\t\t\t\t\t\t\t<\/div>\n\t\t\t\t<\/div>\n\t\t\t\t<div class=\"elementor-element elementor-element-1110656 elementor-invisible elementor-widget elementor-widget-heading\" data-id=\"1110656\" data-element_type=\"widget\" data-e-type=\"widget\" data-settings=\"{&quot;_animation&quot;:&quot;fadeInDown&quot;}\" data-widget_type=\"heading.default\">\n\t\t\t\t<div class=\"elementor-widget-container\">\n\t\t\t\t\t<h1 class=\"elementor-heading-title elementor-size-default\">Entra en contacto<\/h1>\t\t\t\t<\/div>\n\t\t\t\t<\/div>\n\t\t\t\t<div class=\"elementor-element elementor-element-ac75b15 elementor-invisible elementor-widget elementor-widget-heading\" data-id=\"ac75b15\" data-element_type=\"widget\" data-e-type=\"widget\" data-settings=\"{&quot;_animation&quot;:&quot;fadeIn&quot;}\" data-widget_type=\"heading.default\">\n\t\t\t\t<div class=\"elementor-widget-container\">\n\t\t\t\t\t<h4 class=\"elementor-heading-title elementor-size-default\">\u00bfHablamos? Estoy aqu\u00ed para responder a tus preguntas y ayudarte a encontrar la pipa perfecta para ti.<\/h4>\t\t\t\t<\/div>\n\t\t\t\t<\/div>\n\t\t\t\t<div class=\"elementor-element elementor-element-d12ab90 elementor-button-bijoux-alt elementor-align-center elementor-invisible elementor-widget elementor-widget-button\" data-id=\"d12ab90\" data-element_type=\"widget\" data-e-type=\"widget\" data-settings=\"{&quot;_animation&quot;:&quot;fadeIn&quot;,&quot;_animation_delay&quot;:550}\" data-widget_type=\"button.default\">\n\t\t\t\t<div class=\"elementor-widget-container\">\n\t\t\t\t\t\t\t\t\t<div class=\"elementor-button-wrapper\">\n\t\t\t\t\t<a href=\"https:\/\/arzuagapipes.com\/es\/colecciones\/\" class=\"elementor-button-link elementor-button\" role=\"button\">\n\t\t\t\t\t\t\t\t\t\t\t\t\t\t\t<span class=\"elementor-button-content-wrapper\"><span class=\"vamtam-prefix\"><\/span>\n\t\t\t\t\t\t\t\t\t<span class=\"elementor-button-text\">Contactar<\/span>\n\t\t\t\t\t<\/span>\n\t\t\t\t\t\t\t\t\t\t\t\t\t<\/a>\n\t\t\t\t<\/div>\n\t\t\t\t\t\t\t\t<\/div>\n\t\t\t\t<\/div>\n\t\t\t\t\t<\/div>\n\t\t<\/div>\n\t\t\t\t<div class=\"elementor-column elementor-col-33 elementor-top-column elementor-element elementor-element-f8d6b0c elementor-hidden-phone\" data-id=\"f8d6b0c\" data-element_type=\"column\" data-e-type=\"column\">\n\t\t\t<div class=\"elementor-widget-wrap elementor-element-populated\">\n\t\t\t\t\t\t<div class=\"elementor-element elementor-element-af7e467 elementor-widget__width-initial elementor-hidden-tablet elementor-hidden-mobile elementor-widget elementor-widget-image\" data-id=\"af7e467\" data-element_type=\"widget\" data-e-type=\"widget\" data-widget_type=\"image.default\">\n\t\t\t\t<div class=\"elementor-widget-container\">\n\t\t\t\t\t\t\t\t\t<div class=\"elementor-image\">\n\t\t\t\t\t\t\t\t\t\t\t\t\t\t\t\t\t\t\t\t\t<img decoding=\"async\" width=\"438\" height=\"556\" src=\"https:\/\/arzuagapipes.com\/wp-content\/uploads\/2026\/03\/Rectangle-23.jpg\" class=\"attachment-full size-full wp-image-989500\" alt=\"\" srcset=\"https:\/\/arzuagapipes.com\/wp-content\/uploads\/2026\/03\/Rectangle-23.jpg 438w, https:\/\/arzuagapipes.com\/wp-content\/uploads\/2026\/03\/Rectangle-23-236x300.jpg 236w\" sizes=\"(max-width: 438px) 100vw, 438px\" \/>\t\t\t\t\t\t\t\t\t\t\t\t\t\t\t\t\t\t\t\t\t\t\t\t<\/div>\n\t\t\t\t\t\t\t\t<\/div>\n\t\t\t\t<\/div>\n\t\t\t\t\t<\/div>\n\t\t<\/div>\n\t\t\t\t<div class=\"elementor-column elementor-col-33 elementor-top-column elementor-element elementor-element-cdf2701\" data-id=\"cdf2701\" data-element_type=\"column\" data-e-type=\"column\">\n\t\t\t<div class=\"elementor-widget-wrap elementor-element-populated\">\n\t\t\t\t\t\t<div class=\"elementor-element elementor-element-e0930f4 elementor-widget__width-initial elementor-absolute elementor-hidden-tablet elementor-hidden-mobile elementor-widget elementor-widget-image\" data-id=\"e0930f4\" data-element_type=\"widget\" data-e-type=\"widget\" data-settings=\"{&quot;_position&quot;:&quot;absolute&quot;}\" data-widget_type=\"image.default\">\n\t\t\t\t<div class=\"elementor-widget-container\">\n\t\t\t\t\t\t\t\t\t<div class=\"elementor-image\">\n\t\t\t\t\t\t\t\t\t\t\t\t\t\t\t\t\t\t\t\t\t<img fetchpriority=\"high\" decoding=\"async\" width=\"576\" height=\"731\" src=\"https:\/\/arzuagapipes.com\/wp-content\/uploads\/2026\/03\/Rectangle-22.jpg\" class=\"attachment-large size-large wp-image-989502\" alt=\"\" srcset=\"https:\/\/arzuagapipes.com\/wp-content\/uploads\/2026\/03\/Rectangle-22.jpg 576w, https:\/\/arzuagapipes.com\/wp-content\/uploads\/2026\/03\/Rectangle-22-236x300.jpg 236w, https:\/\/arzuagapipes.com\/wp-content\/uploads\/2026\/03\/Rectangle-22-480x609.jpg 480w\" sizes=\"(max-width: 576px) 100vw, 576px\" \/>\t\t\t\t\t\t\t\t\t\t\t\t\t\t\t\t\t\t\t\t\t\t\t\t<\/div>\n\t\t\t\t\t\t\t\t<\/div>\n\t\t\t\t<\/div>\n\t\t\t\t\t<\/div>\n\t\t<\/div>\n\t\t\t\t\t<\/div>\n\t\t<\/section>\n\t\t\t\t<\/div>\n\t\t","protected":false},"excerpt":{"rendered":"<p>Encuentra la pipa perfectapara ti Colecciones Descubre mi colecci\u00f3n de pipas de fumar. Piezas \u00fanicas donde tradici\u00f3n, dise\u00f1o y personalidad se unen en cada detalle. Visita mis colecciones Entra en contacto \u00bfHablamos? Estoy aqu\u00ed para responder a tus preguntas y ayudarte a encontrar la pipa perfecta para ti. Contactar<\/p>\n","protected":false},"author":1,"featured_media":0,"parent":0,"menu_order":0,"comment_status":"closed","ping_status":"closed","template":"","meta":{"footnotes":""},"class_list":["post-989564","page","type-page","status-publish","hentry"],"_links":{"self":[{"href":"https:\/\/arzuagapipes.com\/es\/wp-json\/wp\/v2\/pages\/989564","targetHints":{"allow":["GET"]}}],"collection":[{"href":"https:\/\/arzuagapipes.com\/es\/wp-json\/wp\/v2\/pages"}],"about":[{"href":"https:\/\/arzuagapipes.com\/es\/wp-json\/wp\/v2\/types\/page"}],"author":[{"embeddable":true,"href":"https:\/\/arzuagapipes.com\/es\/wp-json\/wp\/v2\/users\/1"}],"replies":[{"embeddable":true,"href":"https:\/\/arzuagapipes.com\/es\/wp-json\/wp\/v2\/comments?post=989564"}],"version-history":[{"count":7,"href":"https:\/\/arzuagapipes.com\/es\/wp-json\/wp\/v2\/pages\/989564\/revisions"}],"predecessor-version":[{"id":989946,"href":"https:\/\/arzuagapipes.com\/es\/wp-json\/wp\/v2\/pages\/989564\/revisions\/989946"}],"wp:attachment":[{"href":"https:\/\/arzuagapipes.com\/es\/wp-json\/wp\/v2\/media?parent=989564"}],"curies":[{"name":"wp","href":"https:\/\/api.w.org\/{rel}","templated":true}]}}