{"id":989568,"date":"2026-03-02T20:49:36","date_gmt":"2026-03-02T20:49:36","guid":{"rendered":"https:\/\/arzuagapipes.com\/aviso-legal-y-condiciones-de-uso\/"},"modified":"2026-03-16T02:04:15","modified_gmt":"2026-03-16T02:04:15","slug":"aviso-legal-y-condiciones-de-uso","status":"publish","type":"page","link":"https:\/\/arzuagapipes.com\/es\/aviso-legal-y-condiciones-de-uso\/","title":{"rendered":"Aviso legal y condiciones de uso"},"content":{"rendered":"\t\t<div data-elementor-type=\"wp-page\" data-elementor-id=\"989568\" class=\"elementor elementor-989568 elementor-989180\" data-elementor-post-type=\"page\">\n\t\t\t\t\t\t<section class=\"elementor-section elementor-top-section elementor-element elementor-element-74a0be61 elementor-section-boxed elementor-section-height-default elementor-section-height-default\" data-id=\"74a0be61\" data-element_type=\"section\" data-e-type=\"section\">\n\t\t\t\t\t\t<div class=\"elementor-container elementor-column-gap-default\">\n\t\t\t\t\t<div class=\"elementor-column elementor-col-100 elementor-top-column elementor-element elementor-element-3986af33\" data-id=\"3986af33\" data-element_type=\"column\" data-e-type=\"column\">\n\t\t\t<div class=\"elementor-widget-wrap elementor-element-populated\">\n\t\t\t\t\t\t<div class=\"elementor-element elementor-element-3e793015 elementor-widget elementor-widget-heading\" data-id=\"3e793015\" data-element_type=\"widget\" data-e-type=\"widget\" data-widget_type=\"heading.default\">\n\t\t\t\t<div class=\"elementor-widget-container\">\n\t\t\t\t\t<h3 class=\"elementor-heading-title elementor-size-default\">Informaci\u00f3n general<\/h3>\t\t\t\t<\/div>\n\t\t\t\t<\/div>\n\t\t\t\t<div class=\"elementor-element elementor-element-6ad40067 elementor-widget elementor-widget-text-editor\" data-id=\"6ad40067\" data-element_type=\"widget\" data-e-type=\"widget\" data-widget_type=\"text-editor.default\">\n\t\t\t\t<div class=\"elementor-widget-container\">\n\t\t\t\t\t\t\t\t\t<p>En cumplimiento de la normativa vigente, se informa de que este sitio web es propiedad de:<\/p><p>Titular: Rafael Arzuaga (arzuagapipes.com)<\/p><p>Correo electr\u00f3nico: <a style=\"color: #b98e66;\" href=\"mailto:hello@arzuagapipes.com\">hello@arzuagapipes.com<\/a><\/p><p>Actividad: Dise\u00f1o y venta de pipas artesanales<\/p>\t\t\t\t\t\t\t\t<\/div>\n\t\t\t\t<\/div>\n\t\t\t\t<div class=\"elementor-element elementor-element-1b747a09 elementor-widget elementor-widget-heading\" data-id=\"1b747a09\" data-element_type=\"widget\" data-e-type=\"widget\" data-widget_type=\"heading.default\">\n\t\t\t\t<div class=\"elementor-widget-container\">\n\t\t\t\t\t<h3 class=\"elementor-heading-title elementor-size-default\">Objeto del sitio web<\/h3>\t\t\t\t<\/div>\n\t\t\t\t<\/div>\n\t\t\t\t<div class=\"elementor-element elementor-element-701c0d02 elementor-widget elementor-widget-text-editor\" data-id=\"701c0d02\" data-element_type=\"widget\" data-e-type=\"widget\" data-widget_type=\"text-editor.default\">\n\t\t\t\t<div class=\"elementor-widget-container\">\n\t\t\t\t\t\t\t\t\t<p>El presente sitio web tiene car\u00e1cter informativo y comercial, mostrando productos y trabajos realizados por el titular.<\/p><p>La compra de productos se realiza fuera del sitio web, mediante contacto directo por email o WhatsApp.<\/p>\t\t\t\t\t\t\t\t<\/div>\n\t\t\t\t<\/div>\n\t\t\t\t<div class=\"elementor-element elementor-element-7c372e8c elementor-widget elementor-widget-heading\" data-id=\"7c372e8c\" data-element_type=\"widget\" data-e-type=\"widget\" data-widget_type=\"heading.default\">\n\t\t\t\t<div class=\"elementor-widget-container\">\n\t\t\t\t\t<h3 class=\"elementor-heading-title elementor-size-default\">Uso del sitio web<\/h3>\t\t\t\t<\/div>\n\t\t\t\t<\/div>\n\t\t\t\t<div class=\"elementor-element elementor-element-381867fd elementor-widget elementor-widget-text-editor\" data-id=\"381867fd\" data-element_type=\"widget\" data-e-type=\"widget\" data-widget_type=\"text-editor.default\">\n\t\t\t\t<div class=\"elementor-widget-container\">\n\t\t\t\t\t\t\t\t\t<p>El usuario se compromete a hacer un uso adecuado del contenido y a no emplearlo para actividades il\u00edcitas o contrarias a la buena fe.<\/p>\t\t\t\t\t\t\t\t<\/div>\n\t\t\t\t<\/div>\n\t\t\t\t<div class=\"elementor-element elementor-element-2305a056 elementor-widget elementor-widget-heading\" data-id=\"2305a056\" data-element_type=\"widget\" data-e-type=\"widget\" data-widget_type=\"heading.default\">\n\t\t\t\t<div class=\"elementor-widget-container\">\n\t\t\t\t\t<h3 class=\"elementor-heading-title elementor-size-default\">Propiedad intelectual<\/h3>\t\t\t\t<\/div>\n\t\t\t\t<\/div>\n\t\t\t\t<div class=\"elementor-element elementor-element-69af4954 elementor-widget elementor-widget-text-editor\" data-id=\"69af4954\" data-element_type=\"widget\" data-e-type=\"widget\" data-widget_type=\"text-editor.default\">\n\t\t\t\t<div class=\"elementor-widget-container\">\n\t\t\t\t\t\t\t\t\t<p>Todos los contenidos del sitio web (im\u00e1genes, dise\u00f1os, textos, logotipos y productos mostrados) son propiedad del titular o cuentan con autorizaci\u00f3n para su uso.<\/p><p>Queda prohibida su reproducci\u00f3n, distribuci\u00f3n o uso sin autorizaci\u00f3n expresa.<\/p>\t\t\t\t\t\t\t\t<\/div>\n\t\t\t\t<\/div>\n\t\t\t\t<div class=\"elementor-element elementor-element-6fa602f8 elementor-widget elementor-widget-heading\" data-id=\"6fa602f8\" data-element_type=\"widget\" data-e-type=\"widget\" data-widget_type=\"heading.default\">\n\t\t\t\t<div class=\"elementor-widget-container\">\n\t\t\t\t\t<h3 class=\"elementor-heading-title elementor-size-default\">Responsabilidad<\/h3>\t\t\t\t<\/div>\n\t\t\t\t<\/div>\n\t\t\t\t<div class=\"elementor-element elementor-element-12a48102 elementor-widget elementor-widget-text-editor\" data-id=\"12a48102\" data-element_type=\"widget\" data-e-type=\"widget\" data-widget_type=\"text-editor.default\">\n\t\t\t\t<div class=\"elementor-widget-container\">\n\t\t\t\t\t\t\t\t\t<p>El titular no se hace responsable del mal uso del contenido del sitio web ni de los da\u00f1os derivados del acceso o uso de la informaci\u00f3n mostrada.<br><br data-start=\"1133\" data-end=\"1136\">La disponibilidad de productos, precios y condiciones finales se concretar\u00e1n directamente con el cliente fuera del sitio web.<\/p>\t\t\t\t\t\t\t\t<\/div>\n\t\t\t\t<\/div>\n\t\t\t\t<div class=\"elementor-element elementor-element-4aefd507 elementor-widget elementor-widget-heading\" data-id=\"4aefd507\" data-element_type=\"widget\" data-e-type=\"widget\" data-widget_type=\"heading.default\">\n\t\t\t\t<div class=\"elementor-widget-container\">\n\t\t\t\t\t<h3 class=\"elementor-heading-title elementor-size-default\">Enlaces externos<\/h3>\t\t\t\t<\/div>\n\t\t\t\t<\/div>\n\t\t\t\t<div class=\"elementor-element elementor-element-29c74e8c elementor-widget elementor-widget-text-editor\" data-id=\"29c74e8c\" data-element_type=\"widget\" data-e-type=\"widget\" data-widget_type=\"text-editor.default\">\n\t\t\t\t<div class=\"elementor-widget-container\">\n\t\t\t\t\t\t\t\t\t<p>Este sitio web puede incluir enlaces a servicios externos como WhatsApp o correo electr\u00f3nico. El titular no se responsabiliza del uso que se haga de dichos servicios.<\/p>\t\t\t\t\t\t\t\t<\/div>\n\t\t\t\t<\/div>\n\t\t\t\t<div class=\"elementor-element elementor-element-69732544 elementor-widget elementor-widget-heading\" data-id=\"69732544\" data-element_type=\"widget\" data-e-type=\"widget\" data-widget_type=\"heading.default\">\n\t\t\t\t<div class=\"elementor-widget-container\">\n\t\t\t\t\t<h3 class=\"elementor-heading-title elementor-size-default\">Modificaciones<\/h3>\t\t\t\t<\/div>\n\t\t\t\t<\/div>\n\t\t\t\t<div class=\"elementor-element elementor-element-731229cd elementor-widget elementor-widget-text-editor\" data-id=\"731229cd\" data-element_type=\"widget\" data-e-type=\"widget\" data-widget_type=\"text-editor.default\">\n\t\t\t\t<div class=\"elementor-widget-container\">\n\t\t\t\t\t\t\t\t\t<p>El titular se reserva el derecho a modificar el contenido del sitio web, as\u00ed como estas condiciones, sin previo aviso.<\/p>\t\t\t\t\t\t\t\t<\/div>\n\t\t\t\t<\/div>\n\t\t\t\t<div class=\"elementor-element elementor-element-11a72c97 elementor-widget elementor-widget-heading\" data-id=\"11a72c97\" data-element_type=\"widget\" data-e-type=\"widget\" data-widget_type=\"heading.default\">\n\t\t\t\t<div class=\"elementor-widget-container\">\n\t\t\t\t\t<h3 class=\"elementor-heading-title elementor-size-default\">Legislaci\u00f3n aplicable<\/h3>\t\t\t\t<\/div>\n\t\t\t\t<\/div>\n\t\t\t\t<div class=\"elementor-element elementor-element-6db5ec60 elementor-widget elementor-widget-text-editor\" data-id=\"6db5ec60\" data-element_type=\"widget\" data-e-type=\"widget\" data-widget_type=\"text-editor.default\">\n\t\t\t\t<div class=\"elementor-widget-container\">\n\t\t\t\t\t\t\t\t\t<p>La relaci\u00f3n entre el usuario y el titular se regir\u00e1 por la legislaci\u00f3n espa\u00f1ola.<\/p>\t\t\t\t\t\t\t\t<\/div>\n\t\t\t\t<\/div>\n\t\t\t\t\t<\/div>\n\t\t<\/div>\n\t\t\t\t\t<\/div>\n\t\t<\/section>\n\t\t\t\t<\/div>\n\t\t","protected":false},"excerpt":{"rendered":"<p>Informaci\u00f3n general En cumplimiento de la normativa vigente, se informa de que este sitio web es propiedad de: Titular: Rafael Arzuaga (arzuagapipes.com) Correo electr\u00f3nico: hello@arzuagapipes.com Actividad: Dise\u00f1o y venta de pipas artesanales Objeto del sitio web El presente sitio web tiene car\u00e1cter informativo y comercial, mostrando productos y trabajos realizados por el titular. La compra&#8230;<\/p>\n","protected":false},"author":1,"featured_media":0,"parent":0,"menu_order":0,"comment_status":"closed","ping_status":"closed","template":"","meta":{"footnotes":""},"class_list":["post-989568","page","type-page","status-publish","hentry"],"_links":{"self":[{"href":"https:\/\/arzuagapipes.com\/es\/wp-json\/wp\/v2\/pages\/989568","targetHints":{"allow":["GET"]}}],"collection":[{"href":"https:\/\/arzuagapipes.com\/es\/wp-json\/wp\/v2\/pages"}],"about":[{"href":"https:\/\/arzuagapipes.com\/es\/wp-json\/wp\/v2\/types\/page"}],"author":[{"embeddable":true,"href":"https:\/\/arzuagapipes.com\/es\/wp-json\/wp\/v2\/users\/1"}],"replies":[{"embeddable":true,"href":"https:\/\/arzuagapipes.com\/es\/wp-json\/wp\/v2\/comments?post=989568"}],"version-history":[{"count":1,"href":"https:\/\/arzuagapipes.com\/es\/wp-json\/wp\/v2\/pages\/989568\/revisions"}],"predecessor-version":[{"id":989569,"href":"https:\/\/arzuagapipes.com\/es\/wp-json\/wp\/v2\/pages\/989568\/revisions\/989569"}],"wp:attachment":[{"href":"https:\/\/arzuagapipes.com\/es\/wp-json\/wp\/v2\/media?parent=989568"}],"curies":[{"name":"wp","href":"https:\/\/api.w.org\/{rel}","templated":true}]}}