{"id":989570,"date":"2020-10-05T12:44:35","date_gmt":"2020-10-05T12:44:35","guid":{"rendered":"https:\/\/arzuagapipes.com\/politica-de-privacidad\/"},"modified":"2026-03-16T02:10:21","modified_gmt":"2026-03-16T02:10:21","slug":"politica-de-privacidad","status":"publish","type":"page","link":"https:\/\/arzuagapipes.com\/es\/politica-de-privacidad\/","title":{"rendered":"Pol\u00edtica de privacidad"},"content":{"rendered":"\t\t<div data-elementor-type=\"wp-page\" data-elementor-id=\"989570\" class=\"elementor elementor-989570 elementor-4354\" data-elementor-post-type=\"page\">\n\t\t\t\t\t\t<section class=\"elementor-section elementor-top-section elementor-element elementor-element-a2f2818 elementor-section-boxed elementor-section-height-default elementor-section-height-default\" data-id=\"a2f2818\" data-element_type=\"section\" data-e-type=\"section\">\n\t\t\t\t\t\t<div class=\"elementor-container elementor-column-gap-default\">\n\t\t\t\t\t<div class=\"elementor-column elementor-col-100 elementor-top-column elementor-element elementor-element-3f9c960\" data-id=\"3f9c960\" data-element_type=\"column\" data-e-type=\"column\">\n\t\t\t<div class=\"elementor-widget-wrap elementor-element-populated\">\n\t\t\t\t\t\t<div class=\"elementor-element elementor-element-95937e1 elementor-widget elementor-widget-heading\" data-id=\"95937e1\" data-element_type=\"widget\" data-e-type=\"widget\" data-widget_type=\"heading.default\">\n\t\t\t\t<div class=\"elementor-widget-container\">\n\t\t\t\t\t<h3 class=\"elementor-heading-title elementor-size-default\">Datos que se recogen<\/h3>\t\t\t\t<\/div>\n\t\t\t\t<\/div>\n\t\t\t\t<div class=\"elementor-element elementor-element-54c10cc elementor-widget elementor-widget-text-editor\" data-id=\"54c10cc\" data-element_type=\"widget\" data-e-type=\"widget\" data-widget_type=\"text-editor.default\">\n\t\t\t\t<div class=\"elementor-widget-container\">\n\t\t\t\t\t\t\t\t\t<p data-start=\"114\" data-end=\"181\">A trav\u00e9s de este sitio web se pueden recoger los siguientes datos personales:<\/p><ul data-start=\"184\" data-end=\"266\"><li data-start=\"184\" data-end=\"192\"><p data-start=\"186\" data-end=\"192\">Nombre<\/p><\/li><li data-start=\"195\" data-end=\"212\"><p data-start=\"197\" data-end=\"212\">Direcci\u00f3n de correo electr\u00f3nico<\/p><\/li><li data-start=\"215\" data-end=\"231\"><p data-start=\"217\" data-end=\"231\">N\u00famero de tel\u00e9fono<\/p><\/li><li data-start=\"234\" data-end=\"262\"><p data-start=\"236\" data-end=\"262\">Mensaje enviado por el usuario<\/p><\/li><\/ul><p data-start=\"269\" data-end=\"359\">Estos datos se recogen \u00fanicamente cuando el usuario contacta de forma voluntaria mediante email o WhatsApp.<\/p>\t\t\t\t\t\t\t\t<\/div>\n\t\t\t\t<\/div>\n\t\t\t\t<div class=\"elementor-element elementor-element-3dc7f7b elementor-widget elementor-widget-heading\" data-id=\"3dc7f7b\" data-element_type=\"widget\" data-e-type=\"widget\" data-widget_type=\"heading.default\">\n\t\t\t\t<div class=\"elementor-widget-container\">\n\t\t\t\t\t<h3 class=\"elementor-heading-title elementor-size-default\">Finalidad del tratamiento<\/h3>\t\t\t\t<\/div>\n\t\t\t\t<\/div>\n\t\t\t\t<div class=\"elementor-element elementor-element-4c7488d elementor-widget elementor-widget-text-editor\" data-id=\"4c7488d\" data-element_type=\"widget\" data-e-type=\"widget\" data-widget_type=\"text-editor.default\">\n\t\t\t\t<div class=\"elementor-widget-container\">\n\t\t\t\t\t\t\t\t\t<p data-start=\"115\" data-end=\"171\">Los datos personales se utilizan con la \u00fanica finalidad de:<\/p><ul data-start=\"174\" data-end=\"298\"><li data-start=\"174\" data-end=\"201\"><p data-start=\"176\" data-end=\"201\">Atender consultas<\/p><\/li><li data-start=\"204\" data-end=\"238\"><p data-start=\"206\" data-end=\"238\">Responder solicitudes de informaci\u00f3n<\/p><\/li><li data-start=\"241\" data-end=\"298\"><p data-start=\"243\" data-end=\"298\">Gestionar encargos o compras realizadas fuera del sitio web<\/p><\/li><\/ul>\t\t\t\t\t\t\t\t<\/div>\n\t\t\t\t<\/div>\n\t\t\t\t<div class=\"elementor-element elementor-element-f8fdde6 elementor-widget elementor-widget-heading\" data-id=\"f8fdde6\" data-element_type=\"widget\" data-e-type=\"widget\" data-widget_type=\"heading.default\">\n\t\t\t\t<div class=\"elementor-widget-container\">\n\t\t\t\t\t<h3 class=\"elementor-heading-title elementor-size-default\">Legitimaci\u00f3n<\/h3>\t\t\t\t<\/div>\n\t\t\t\t<\/div>\n\t\t\t\t<div class=\"elementor-element elementor-element-4812073 elementor-widget elementor-widget-text-editor\" data-id=\"4812073\" data-element_type=\"widget\" data-e-type=\"widget\" data-widget_type=\"text-editor.default\">\n\t\t\t\t<div class=\"elementor-widget-container\">\n\t\t\t\t\t\t\t\t\t<p>La base legal para el tratamiento de los datos es el consentimiento del usuario, otorgado al contactar de forma voluntaria.<\/p>\t\t\t\t\t\t\t\t<\/div>\n\t\t\t\t<\/div>\n\t\t\t\t<div class=\"elementor-element elementor-element-9444cac elementor-widget elementor-widget-heading\" data-id=\"9444cac\" data-element_type=\"widget\" data-e-type=\"widget\" data-widget_type=\"heading.default\">\n\t\t\t\t<div class=\"elementor-widget-container\">\n\t\t\t\t\t<h3 class=\"elementor-heading-title elementor-size-default\">Conservaci\u00f3n de los datos<\/h3>\t\t\t\t<\/div>\n\t\t\t\t<\/div>\n\t\t\t\t<div class=\"elementor-element elementor-element-8c65259 elementor-widget elementor-widget-text-editor\" data-id=\"8c65259\" data-element_type=\"widget\" data-e-type=\"widget\" data-widget_type=\"text-editor.default\">\n\t\t\t\t<div class=\"elementor-widget-container\">\n\t\t\t\t\t\t\t\t\t<p>Los datos se conservar\u00e1n \u00fanicamente durante el tiempo necesario para atender la consulta o mientras exista una relaci\u00f3n comercial, y posteriormente se eliminar\u00e1n.<\/p>\t\t\t\t\t\t\t\t<\/div>\n\t\t\t\t<\/div>\n\t\t\t\t<div class=\"elementor-element elementor-element-f2ec5dc elementor-widget elementor-widget-heading\" data-id=\"f2ec5dc\" data-element_type=\"widget\" data-e-type=\"widget\" data-widget_type=\"heading.default\">\n\t\t\t\t<div class=\"elementor-widget-container\">\n\t\t\t\t\t<h3 class=\"elementor-heading-title elementor-size-default\">Cesi\u00f3n de datos a terceros<\/h3>\t\t\t\t<\/div>\n\t\t\t\t<\/div>\n\t\t\t\t<div class=\"elementor-element elementor-element-63b0d8c elementor-widget elementor-widget-text-editor\" data-id=\"63b0d8c\" data-element_type=\"widget\" data-e-type=\"widget\" data-widget_type=\"text-editor.default\">\n\t\t\t\t<div class=\"elementor-widget-container\">\n\t\t\t\t\t\t\t\t\t<p>No se ceder\u00e1n datos a terceros, salvo obligaci\u00f3n legal.<\/p>\t\t\t\t\t\t\t\t<\/div>\n\t\t\t\t<\/div>\n\t\t\t\t<div class=\"elementor-element elementor-element-f4192f7 elementor-widget elementor-widget-heading\" data-id=\"f4192f7\" data-element_type=\"widget\" data-e-type=\"widget\" data-widget_type=\"heading.default\">\n\t\t\t\t<div class=\"elementor-widget-container\">\n\t\t\t\t\t<h3 class=\"elementor-heading-title elementor-size-default\">Derechos del usuario<\/h3>\t\t\t\t<\/div>\n\t\t\t\t<\/div>\n\t\t\t\t<div class=\"elementor-element elementor-element-92b1166 elementor-widget elementor-widget-text-editor\" data-id=\"92b1166\" data-element_type=\"widget\" data-e-type=\"widget\" data-widget_type=\"text-editor.default\">\n\t\t\t\t<div class=\"elementor-widget-container\">\n\t\t\t\t\t\t\t\t\t<p data-start=\"94\" data-end=\"131\">El usuario puede ejercer sus derechos de:<\/p>\n\n<ul data-start=\"134\" data-end=\"217\">\n \t<li data-start=\"134\" data-end=\"144\">\n<p data-start=\"136\" data-end=\"144\">Acceso<\/p>\n<\/li>\n \t<li data-start=\"147\" data-end=\"164\">\n<p data-start=\"149\" data-end=\"164\">Rectificaci\u00f3n<\/p>\n<\/li>\n \t<li data-start=\"167\" data-end=\"179\">\n<p data-start=\"169\" data-end=\"179\">Deletion<\/p>\n<\/li>\n \t<li data-start=\"182\" data-end=\"197\">\n<p data-start=\"184\" data-end=\"197\">Limitaci\u00f3n<\/p>\n<\/li>\n \t<li data-start=\"200\" data-end=\"213\">\n<p data-start=\"202\" data-end=\"213\">Oposici\u00f3n<\/p>\n<\/li>\n<\/ul>\nEnviando un email a: <a href=\"mailto:hello@arzuagapipes.com\" style=\"color:#B98E66;\">hello@arzuagapipes.com<\/a>\t\t\t\t\t\t\t\t<\/div>\n\t\t\t\t<\/div>\n\t\t\t\t<div class=\"elementor-element elementor-element-d3af3b9 elementor-widget elementor-widget-heading\" data-id=\"d3af3b9\" data-element_type=\"widget\" data-e-type=\"widget\" data-widget_type=\"heading.default\">\n\t\t\t\t<div class=\"elementor-widget-container\">\n\t\t\t\t\t<h3 class=\"elementor-heading-title elementor-size-default\">Seguridad de los datos<\/h3>\t\t\t\t<\/div>\n\t\t\t\t<\/div>\n\t\t\t\t<div class=\"elementor-element elementor-element-6810324 elementor-widget elementor-widget-text-editor\" data-id=\"6810324\" data-element_type=\"widget\" data-e-type=\"widget\" data-widget_type=\"text-editor.default\">\n\t\t\t\t<div class=\"elementor-widget-container\">\n\t\t\t\t\t\t\t\t\t<p>El responsable adopta las medidas necesarias para garantizar la seguridad y confidencialidad de los datos personales.<\/p>\t\t\t\t\t\t\t\t<\/div>\n\t\t\t\t<\/div>\n\t\t\t\t<div class=\"elementor-element elementor-element-92d4fb2 elementor-widget elementor-widget-heading\" data-id=\"92d4fb2\" data-element_type=\"widget\" data-e-type=\"widget\" data-widget_type=\"heading.default\">\n\t\t\t\t<div class=\"elementor-widget-container\">\n\t\t\t\t\t<h3 class=\"elementor-heading-title elementor-size-default\">Cambios en la pol\u00edtica de privacidad<\/h3>\t\t\t\t<\/div>\n\t\t\t\t<\/div>\n\t\t\t\t<div class=\"elementor-element elementor-element-2d54cd8 elementor-widget elementor-widget-text-editor\" data-id=\"2d54cd8\" data-element_type=\"widget\" data-e-type=\"widget\" data-widget_type=\"text-editor.default\">\n\t\t\t\t<div class=\"elementor-widget-container\">\n\t\t\t\t\t\t\t\t\t<p>Esta pol\u00edtica podr\u00e1 actualizarse para adaptarse a cambios legales o t\u00e9cnicos.<\/p>\t\t\t\t\t\t\t\t<\/div>\n\t\t\t\t<\/div>\n\t\t\t\t\t<\/div>\n\t\t<\/div>\n\t\t\t\t\t<\/div>\n\t\t<\/section>\n\t\t\t\t<\/div>\n\t\t","protected":false},"excerpt":{"rendered":"<p>Datos que se recogen A trav\u00e9s de este sitio web se pueden recoger los siguientes datos personales: Nombre Direcci\u00f3n de correo electr\u00f3nico N\u00famero de tel\u00e9fono Mensaje enviado por el usuario Estos datos se recogen \u00fanicamente cuando el usuario contacta de forma voluntaria mediante email o WhatsApp. Finalidad del tratamiento Los datos personales se utilizan con&#8230;<\/p>\n","protected":false},"author":1,"featured_media":0,"parent":0,"menu_order":0,"comment_status":"closed","ping_status":"closed","template":"","meta":{"footnotes":""},"class_list":["post-989570","page","type-page","status-publish","hentry"],"_links":{"self":[{"href":"https:\/\/arzuagapipes.com\/es\/wp-json\/wp\/v2\/pages\/989570","targetHints":{"allow":["GET"]}}],"collection":[{"href":"https:\/\/arzuagapipes.com\/es\/wp-json\/wp\/v2\/pages"}],"about":[{"href":"https:\/\/arzuagapipes.com\/es\/wp-json\/wp\/v2\/types\/page"}],"author":[{"embeddable":true,"href":"https:\/\/arzuagapipes.com\/es\/wp-json\/wp\/v2\/users\/1"}],"replies":[{"embeddable":true,"href":"https:\/\/arzuagapipes.com\/es\/wp-json\/wp\/v2\/comments?post=989570"}],"version-history":[{"count":1,"href":"https:\/\/arzuagapipes.com\/es\/wp-json\/wp\/v2\/pages\/989570\/revisions"}],"predecessor-version":[{"id":989571,"href":"https:\/\/arzuagapipes.com\/es\/wp-json\/wp\/v2\/pages\/989570\/revisions\/989571"}],"wp:attachment":[{"href":"https:\/\/arzuagapipes.com\/es\/wp-json\/wp\/v2\/media?parent=989570"}],"curies":[{"name":"wp","href":"https:\/\/api.w.org\/{rel}","templated":true}]}}