{"id":989682,"date":"2026-03-16T03:14:44","date_gmt":"2026-03-16T03:14:44","guid":{"rendered":"https:\/\/arzuagapipes.com\/product\/cutty\/"},"modified":"2026-04-06T20:24:35","modified_gmt":"2026-04-06T20:24:35","slug":"cutty","status":"publish","type":"product","link":"https:\/\/arzuagapipes.com\/es\/producto\/cutty\/","title":{"rendered":"CUTTY"},"content":{"rendered":"<div class=\"vgblk-rw-wrapper limit-wrapper\">Pipa estilo Cutty de brezo con acabado liso y natural y un patr\u00f3n de llama bien definido en toda su superficie. Ojos de p\u00e1jaros en la parte superior e inferior de la pieza. Presenta una sutil curvatura en la canula que tambien le permite reposar en pie tanto horizontal como vertical La boquilla est\u00e1 elaborada en ebonita negra alemana de alta calidad.<\/p>\n<p>Longitud: 140 mm<br \/>\nAltura del hornillo: 50 mm \u00d7 45 mm<br \/>\nDi\u00e1metro de la c\u00e1mara: 18 mm \u00d7 38 mm<br \/>\nBoquilla: Ebonita alemana<br \/>\nPeso: 38 g<br \/>\nFiltro: No<br \/>\nDise\u00f1o: CUTTY tallada a mano<br \/>\nMateriales: Brezo, ebonita<br \/>\nMarca: Arzuaga Pipes<br \/>\nBriar Wood Art Studio<\/p><\/div>\n<p><!-- .vgblk-rw-wrapper --><\/p>\n","protected":false},"excerpt":{"rendered":"<p>Pipa estilo Cutty de brezo con acabado liso y natural y un patr\u00f3n de llama bien definido en toda su superficie. Ojos de p\u00e1jaros en la parte superior e inferior de la pieza. Presenta una sutil curvatura en la canula que tambien le permite reposar en pie tanto horizontal como vertical La boquilla est\u00e1 elaborada en ebonita negra alemana de alta calidad.<\/p>\n<p>Longitud: 140 mm<br \/>\n<br \/>Altura del hornillo: 50 mm \u00d7 45 mm<br \/>\n<br \/>Di\u00e1metro de la cazoleta: 18 mm \u00d7 38 mm<br \/>\n<br \/>Boquilla: Ebonita alemana<br \/>\n<br \/>Peso: 38 g<br \/>\n<br \/>Filtro: No<br \/>\n<br \/>Dise\u00f1o: CUTTY tallada a mano<br \/>\n<br \/>Materiales: Brezo, ebonita<br \/>\n<br \/>Marca: Arzuaga Pipes<br \/>\n<br \/>Briar Wood Art Studio<\/p>\n","protected":false},"featured_media":989621,"template":"","meta":[],"product_brand":[],"product_cat":[88],"product_tag":[89],"class_list":{"0":"post-989682","1":"product","2":"type-product","3":"status-publish","4":"has-post-thumbnail","6":"product_cat-clasica","7":"product_tag-clasica","9":"first","10":"instock","11":"shipping-taxable","12":"product-type-simple"},"_links":{"self":[{"href":"https:\/\/arzuagapipes.com\/es\/wp-json\/wp\/v2\/product\/989682","targetHints":{"allow":["GET"]}}],"collection":[{"href":"https:\/\/arzuagapipes.com\/es\/wp-json\/wp\/v2\/product"}],"about":[{"href":"https:\/\/arzuagapipes.com\/es\/wp-json\/wp\/v2\/types\/product"}],"version-history":[{"count":2,"href":"https:\/\/arzuagapipes.com\/es\/wp-json\/wp\/v2\/product\/989682\/revisions"}],"predecessor-version":[{"id":990422,"href":"https:\/\/arzuagapipes.com\/es\/wp-json\/wp\/v2\/product\/989682\/revisions\/990422"}],"wp:featuredmedia":[{"embeddable":true,"href":"https:\/\/arzuagapipes.com\/es\/wp-json\/wp\/v2\/media\/989621"}],"wp:attachment":[{"href":"https:\/\/arzuagapipes.com\/es\/wp-json\/wp\/v2\/media?parent=989682"}],"wp:term":[{"taxonomy":"product_brand","embeddable":true,"href":"https:\/\/arzuagapipes.com\/es\/wp-json\/wp\/v2\/product_brand?post=989682"},{"taxonomy":"product_cat","embeddable":true,"href":"https:\/\/arzuagapipes.com\/es\/wp-json\/wp\/v2\/product_cat?post=989682"},{"taxonomy":"product_tag","embeddable":true,"href":"https:\/\/arzuagapipes.com\/es\/wp-json\/wp\/v2\/product_tag?post=989682"}],"curies":[{"name":"wp","href":"https:\/\/api.w.org\/{rel}","templated":true}]}}