{"id":989683,"date":"2026-03-16T03:00:41","date_gmt":"2026-03-16T03:00:41","guid":{"rendered":"https:\/\/arzuagapipes.com\/product\/bamboo-brandy\/"},"modified":"2026-03-18T10:25:04","modified_gmt":"2026-03-18T10:25:04","slug":"bamboo-brandy","status":"publish","type":"product","link":"https:\/\/arzuagapipes.com\/es\/producto\/bamboo-brandy\/","title":{"rendered":"BAMBOO BRANDY"},"content":{"rendered":"<div class=\"vgblk-rw-wrapper limit-wrapper\">Pipa estilo Brandy con extensi\u00f3n de bamb\u00fa y anillos decorativos en los extremos, boquilla realizada a mano con una decoraci\u00f3n de bamb\u00fa entre medio de la boquilla lo que la hace especial y \u00fanica, es una pipa con un dise\u00f1o que juega con lo asim\u00e9trico ya que la superficie de la c\u00e1mara se encuentra con una inclinaci\u00f3n muy sutil hacia la derecha haciendo m\u00e1s c\u00f3modo el encendido del tabaco, el briart presenta ojos de p\u00e1jaros alrededor de la cazoleta y un flameado horizontal con un color natural boquilla roja y la calidez del bamb\u00fa.<\/p>\n<p><em>Longitud: 150 mm<\/em><\/p>\n<p><em>Altura del hornillo: 46 mm \u00d7 36 mm<\/em><\/p>\n<p><em>Di\u00e1metro del hornillo: 19 mm \u00d7 40 mm<\/em><\/p>\n<p><em>Boquilla: Metacrilato alem\u00e1n rojo<\/em><\/p>\n<p><em>Peso: 44 g<\/em><\/p>\n<p><em>Filtro: No<\/em><\/p>\n<p><em>Dise\u00f1o: BRANDY BAMBOO Tallada a mano<\/em><\/p>\n<p><em>Materiales: Brezo, bronce rojo, plata, Cumberland<\/em><\/p>\n<p><em>Marca: Arzuaga Smoking Pipes<\/em><\/p>\n<p><em>Briar Wood Art Studio<\/em><\/div>\n<p><!-- .vgblk-rw-wrapper --><\/p>\n","protected":false},"excerpt":{"rendered":"<p>Pipa estilo Brandy con extensi\u00f3n de bamb\u00fa y anillos decorativos en los extremos, boquilla realizada a mano con una decoraci\u00f3n de bamb\u00fa entre medio de la boquilla lo que la hace especial y \u00fanica, es una pipa con un dise\u00f1o que juega con lo asim\u00e9trico ya que la superficie de la c\u00e1mara se encuentra con una inclinaci\u00f3n muy sutil hacia la derecha haciendo m\u00e1s c\u00f3modo el encendido del tabaco, el briart presenta ojos de p\u00e1jaros alrededor de la cazoleta y un flameado horizontal con un color natural boquilla roja y la calidez del bamb\u00fa.<\/p>\n<p>&nbsp;<\/p>\n<p>Longitud: 150 mm<\/p>\n<p>Altura del hornillo: 46 mm \u00d7 36 mm<\/p>\n<p>Di\u00e1metro del hornillo: 19 mm \u00d7 40 mm<\/p>\n<p>Boquilla: Metacrilato alem\u00e1n rojo<\/p>\n<p>Peso: 44 g<\/p>\n<p>Filtro: No<\/p>\n<p>Dise\u00f1o: BRANDY BAMBOO Tallada a mano<\/p>\n<p>Materiales: Brezo, bronce rojo, plata, Cumberland<\/p>\n<p>Marca: Arzuaga Smoking Pipes<\/p>\n<p>Briar Wood Art Studio<\/p>\n","protected":false},"featured_media":989601,"template":"","meta":[],"product_brand":[],"product_cat":[88],"product_tag":[89],"class_list":{"0":"post-989683","1":"product","2":"type-product","3":"status-publish","4":"has-post-thumbnail","6":"product_cat-clasica","7":"product_tag-clasica","9":"first","10":"instock","11":"shipping-taxable","12":"product-type-simple"},"_links":{"self":[{"href":"https:\/\/arzuagapipes.com\/es\/wp-json\/wp\/v2\/product\/989683","targetHints":{"allow":["GET"]}}],"collection":[{"href":"https:\/\/arzuagapipes.com\/es\/wp-json\/wp\/v2\/product"}],"about":[{"href":"https:\/\/arzuagapipes.com\/es\/wp-json\/wp\/v2\/types\/product"}],"version-history":[{"count":5,"href":"https:\/\/arzuagapipes.com\/es\/wp-json\/wp\/v2\/product\/989683\/revisions"}],"predecessor-version":[{"id":990111,"href":"https:\/\/arzuagapipes.com\/es\/wp-json\/wp\/v2\/product\/989683\/revisions\/990111"}],"wp:featuredmedia":[{"embeddable":true,"href":"https:\/\/arzuagapipes.com\/es\/wp-json\/wp\/v2\/media\/989601"}],"wp:attachment":[{"href":"https:\/\/arzuagapipes.com\/es\/wp-json\/wp\/v2\/media?parent=989683"}],"wp:term":[{"taxonomy":"product_brand","embeddable":true,"href":"https:\/\/arzuagapipes.com\/es\/wp-json\/wp\/v2\/product_brand?post=989683"},{"taxonomy":"product_cat","embeddable":true,"href":"https:\/\/arzuagapipes.com\/es\/wp-json\/wp\/v2\/product_cat?post=989683"},{"taxonomy":"product_tag","embeddable":true,"href":"https:\/\/arzuagapipes.com\/es\/wp-json\/wp\/v2\/product_tag?post=989683"}],"curies":[{"name":"wp","href":"https:\/\/api.w.org\/{rel}","templated":true}]}}