{"id":989700,"date":"2026-03-16T04:57:41","date_gmt":"2026-03-16T04:57:41","guid":{"rendered":"https:\/\/arzuagapipes.com\/?post_type=product&#038;p=989700"},"modified":"2026-04-06T20:24:53","modified_gmt":"2026-04-06T20:24:53","slug":"lc-120-swan-neck","status":"publish","type":"product","link":"https:\/\/arzuagapipes.com\/es\/producto\/lc-120-swan-neck\/","title":{"rendered":"LC 120 CUELLO DE CISNE"},"content":{"rendered":"<div class=\"vgblk-rw-wrapper limit-wrapper\"><em>La LC120 conocida como cuello de Cisne (Swan Neck) una pipa que se ha convertido en leyenda por su elegancia y dificultad de realizaci\u00f3n, en esta se le a dado una textura de rusticado a mano con un extremo cuidado para conseguir mantener la simetr\u00eda de la pipa sin que queden deformaciones en el cuerpo de la pieza,el color maron casi negro le aporta esta personalida antigua y dejando visto en el lateral de la firma y en la parte superior de la cazoleta el flameado perfecto de este briart. La forma estilizada y la alzada de la boquilla le da grandeza a este emblem\u00e1tico dise\u00f1o creado por el maestro Dunhill en los a\u00f1os 1920 y 1922. La pipa ha sido realizada a mano alzada completamente.    <\/em><\/p>\n<p><em>Longitud: 160 mm<\/em><\/p>\n<p><em>Altura de la cazoleta: 62 mm \u00d7 42 mm<\/em><\/p>\n<p><em>Di\u00e1metro de la c\u00e1mara: 19 mm \u00d7 50 mm<\/em><\/p>\n<p><em>Boquilla: Ebonita alemana<\/em><\/p>\n<p><em>Peso: 65 g<\/em><\/p>\n<p><em>Filtro: No<\/em><\/p>\n<p><em>Dise\u00f1o: LC120 Cuello de Cisne tallada a mano<\/em><\/p>\n<p><em>Materiales: Brezo, ebonita negra<\/em><\/p>\n<p><em>Marca: Arzuaga Pipes<\/em><\/p>\n<p><em>Briar Wood Art Studio<\/em><\/div>\n<p><!-- .vgblk-rw-wrapper --><\/p>\n","protected":false},"excerpt":{"rendered":"<p>La LC120 conocida como cuello de Cisne (Swan Neck) una pipa que se ha convertido en leyenda por su elegancia y dificultad de realizaci\u00f3n, en esta se le a dado una textura de rusticado a mano con un extremo cuidado para conseguir mantener la simetr\u00eda de la pipa sin que queden deformaciones en el cuerpo de la pieza,el color maron casi negro le aporta esta personalida antigua y dejando visto en el lateral de la firma y en la parte superior de la cazoleta el flameado perfecto de este briart. La forma estilizada y la alzada de la boquilla le da grandeza a este emblem\u00e1tico dise\u00f1o creado por el maestro Dunhill en los a\u00f1os 1920 y 1922. La pipa ha sido realizada a mano alzada completamente.    <\/p>\n<p>Longitud: 160 mm<br \/>\n<br \/>Altura de la cazoleta: 62 mm \u00d7 42 mm<br \/>\n<br \/>Di\u00e1metro de la c\u00e1mara: 19 mm \u00d7 50 mm<br \/>\n<br \/>Boquilla: Ebonita alemana<br \/>\n<br \/>Peso: 65 g<br \/>\n<br \/>Filtro: No<br \/>\n<br \/>Dise\u00f1o: LC120 Cuello de Cisne tallada a mano<br \/>\n<br \/>Materiales: Brezo, ebonita negra<br \/>\n<br \/>Marca: Arzuaga Pipes<br \/>\n<br \/>Briar Wood Art Studio<\/p>\n","protected":false},"featured_media":989708,"template":"","meta":[],"product_brand":[],"product_cat":[88],"product_tag":[89],"class_list":{"0":"post-989700","1":"product","2":"type-product","3":"status-publish","4":"has-post-thumbnail","6":"product_cat-clasica","7":"product_tag-clasica","9":"first","10":"instock","11":"shipping-taxable","12":"product-type-simple"},"_links":{"self":[{"href":"https:\/\/arzuagapipes.com\/es\/wp-json\/wp\/v2\/product\/989700","targetHints":{"allow":["GET"]}}],"collection":[{"href":"https:\/\/arzuagapipes.com\/es\/wp-json\/wp\/v2\/product"}],"about":[{"href":"https:\/\/arzuagapipes.com\/es\/wp-json\/wp\/v2\/types\/product"}],"version-history":[{"count":2,"href":"https:\/\/arzuagapipes.com\/es\/wp-json\/wp\/v2\/product\/989700\/revisions"}],"predecessor-version":[{"id":989715,"href":"https:\/\/arzuagapipes.com\/es\/wp-json\/wp\/v2\/product\/989700\/revisions\/989715"}],"wp:featuredmedia":[{"embeddable":true,"href":"https:\/\/arzuagapipes.com\/es\/wp-json\/wp\/v2\/media\/989708"}],"wp:attachment":[{"href":"https:\/\/arzuagapipes.com\/es\/wp-json\/wp\/v2\/media?parent=989700"}],"wp:term":[{"taxonomy":"product_brand","embeddable":true,"href":"https:\/\/arzuagapipes.com\/es\/wp-json\/wp\/v2\/product_brand?post=989700"},{"taxonomy":"product_cat","embeddable":true,"href":"https:\/\/arzuagapipes.com\/es\/wp-json\/wp\/v2\/product_cat?post=989700"},{"taxonomy":"product_tag","embeddable":true,"href":"https:\/\/arzuagapipes.com\/es\/wp-json\/wp\/v2\/product_tag?post=989700"}],"curies":[{"name":"wp","href":"https:\/\/api.w.org\/{rel}","templated":true}]}}