{"id":989734,"date":"2026-03-16T05:09:07","date_gmt":"2026-03-16T05:09:07","guid":{"rendered":"https:\/\/arzuagapipes.com\/?post_type=product&#038;p=989734"},"modified":"2026-03-16T05:41:11","modified_gmt":"2026-03-16T05:41:11","slug":"bamboo-poker","status":"publish","type":"product","link":"https:\/\/arzuagapipes.com\/es\/producto\/bamboo-poker\/","title":{"rendered":"POKER BAMB\u00da"},"content":{"rendered":"<div class=\"vgblk-rw-wrapper limit-wrapper\"><em>Pipa Poker con extencion de bambu, cazoleta de color marron y en un acabado liso, con el flameado horizontal en los laterales y ojos de pajaros perfectos en todo el briart, el pulido esta realizado con aceite danes y cera de carnauba. boquilla de ebonita negra no incluye filtros, est\u00e1 poker ha sido realizada a mano alzada como ver\u00e1s en casi todo mi trabajo.    <\/em><\/p>\n<p><em>Longitud: 155 mm<\/em><\/p>\n<p><em>Altura de la cazoleta: 55 mm \u00d7 35 mm<\/em><\/p>\n<p><em>Di\u00e1metro de la c\u00e1mara: 19 mm \u00d7 45 mm<\/em><\/p>\n<p><em>Boquilla: Ebonita alemana<\/em><\/p>\n<p><em>Peso: 50 g<\/em><\/p>\n<p><em>Filtro: No<\/em><\/p>\n<p><em>Dise\u00f1o: BAMBOO POKER Tallada a mano<\/em><\/p>\n<p><em>Materiales: Brezo, bronce rojo, plata, Cumberland<\/em><\/p>\n<p><em>Marca: Arzuaga Pipes<\/em><\/p>\n<p><em>Briar Wood Art Studio<\/em><\/div>\n<p><!-- .vgblk-rw-wrapper --><\/p>\n","protected":false},"excerpt":{"rendered":"<p>Pipa Poker con extencion de bambu, cazoleta de color marron y en un acabado liso, con el flameado horizontal en los laterales y ojos de pajaros perfectos en todo el briart, el pulido esta realizado con aceite danes y cera de carnauba. boquilla de ebonita negra no incluye filtros, est\u00e1 poker ha sido realizada a mano alzada como ver\u00e1s en casi todo mi trabajo.    <\/p>\n<p>Longitud: 155 mm<br \/>\n<br \/>Altura de la cazoleta: 55 mm \u00d7 35 mm<br \/>\n<br \/>Di\u00e1metro de la c\u00e1mara: 19 mm \u00d7 45 mm<br \/>\n<br \/>Boquilla: Ebonita alemana<br \/>\n<br \/>Peso: 50 g<br \/>\n<br \/>Filtro: No<br \/>\n<br \/>Dise\u00f1o: BAMBOO POKER Tallada a mano<br \/>\n<br \/>Materiales: Brezo, bronce rojo, plata, Cumberland<br \/>\n<br \/>Marca: Arzuaga Pipes<br \/>\n<br \/>Briar Wood Art Studio<\/p>\n","protected":false},"featured_media":989742,"template":"","meta":[],"product_brand":[],"product_cat":[88],"product_tag":[89],"class_list":{"0":"post-989734","1":"product","2":"type-product","3":"status-publish","4":"has-post-thumbnail","6":"product_cat-clasica","7":"product_tag-clasica","9":"first","10":"instock","11":"shipping-taxable","12":"product-type-simple"},"_links":{"self":[{"href":"https:\/\/arzuagapipes.com\/es\/wp-json\/wp\/v2\/product\/989734","targetHints":{"allow":["GET"]}}],"collection":[{"href":"https:\/\/arzuagapipes.com\/es\/wp-json\/wp\/v2\/product"}],"about":[{"href":"https:\/\/arzuagapipes.com\/es\/wp-json\/wp\/v2\/types\/product"}],"version-history":[{"count":4,"href":"https:\/\/arzuagapipes.com\/es\/wp-json\/wp\/v2\/product\/989734\/revisions"}],"predecessor-version":[{"id":989774,"href":"https:\/\/arzuagapipes.com\/es\/wp-json\/wp\/v2\/product\/989734\/revisions\/989774"}],"wp:featuredmedia":[{"embeddable":true,"href":"https:\/\/arzuagapipes.com\/es\/wp-json\/wp\/v2\/media\/989742"}],"wp:attachment":[{"href":"https:\/\/arzuagapipes.com\/es\/wp-json\/wp\/v2\/media?parent=989734"}],"wp:term":[{"taxonomy":"product_brand","embeddable":true,"href":"https:\/\/arzuagapipes.com\/es\/wp-json\/wp\/v2\/product_brand?post=989734"},{"taxonomy":"product_cat","embeddable":true,"href":"https:\/\/arzuagapipes.com\/es\/wp-json\/wp\/v2\/product_cat?post=989734"},{"taxonomy":"product_tag","embeddable":true,"href":"https:\/\/arzuagapipes.com\/es\/wp-json\/wp\/v2\/product_tag?post=989734"}],"curies":[{"name":"wp","href":"https:\/\/api.w.org\/{rel}","templated":true}]}}