{"id":989751,"date":"2026-03-16T05:13:50","date_gmt":"2026-03-16T05:13:50","guid":{"rendered":"https:\/\/arzuagapipes.com\/?post_type=product&#038;p=989751"},"modified":"2026-03-16T05:37:09","modified_gmt":"2026-03-16T05:37:09","slug":"rustic-bamboo-poker","status":"publish","type":"product","link":"https:\/\/arzuagapipes.com\/es\/producto\/rustic-bamboo-poker\/","title":{"rendered":"POKER R\u00daSTICA DE BAMB\u00da"},"content":{"rendered":"<div class=\"vgblk-rw-wrapper limit-wrapper\"><em>Pipa poker rusticada con extensi\u00f3n de bamb\u00fa. Rusticado parcial en el cuerpo de la cazoleta con detalles en la parte superior e inferior y en el ca\u00f1o, dejandola en el briart liso para conseguir el contraste entre texturas y el color rojo y negro que presente este modelo.<\/em><\/p>\n<p><em>Longitud: 140 mm<\/em><\/p>\n<p><em>Altura de la cazoleta: 55 mm \u00d7 35 mm<\/em><\/p>\n<p><em>Di\u00e1metro del hornillo: 21 mm \u00d7 40 mm<\/em><\/p>\n<p><em>Boquilla: Ebonita alemana<\/em><\/p>\n<p><em>Peso: 50 g<\/em><\/p>\n<p><em>Filtro: No<\/em><\/p>\n<p><em>Dise\u00f1o: Poker r\u00fastica tallada a mano<\/em><\/p>\n<p><em>Materiales: Brezo r\u00fastico, bamb\u00fa, ebonita<\/em><\/p>\n<p><em>Marca: Arzuaga Pipes<\/em><\/p>\n<p><em>Briar Wood Art Studio<\/em><\/div>\n<p><!-- .vgblk-rw-wrapper --><\/p>\n","protected":false},"excerpt":{"rendered":"<p>Pipa poker rusticada con extensi\u00f3n de bamb\u00fa. Rusticado parcial en el cuerpo de la cazoleta con detalles en la parte superior e inferior y en el ca\u00f1o, dejandola en el briart liso para conseguir el contraste entre texturas y el color rojo y negro que presente este modelo.<\/em><\/p>\n<p>Longitud: 140 mm<br \/>\n<br \/>Altura de la cazoleta: 55 mm \u00d7 35 mm<br \/>\n<br \/>Di\u00e1metro del hornillo: 21 mm \u00d7 40 mm<br \/>\n<br \/>Boquilla: Ebonita alemana<br \/>\n<br \/>Peso: 50 g<br \/>\n<br \/>Filtro: No<br \/>\n<br \/>Dise\u00f1o: Poker r\u00fastica tallada a mano<br \/>\n<br \/>Materiales: Brezo r\u00fastico, bamb\u00fa, ebonita<br \/>\n<br \/>Marca: Arzuaga Pipes<br \/>\n<br \/>Briar Wood Art Studio<\/p>\n","protected":false},"featured_media":989759,"template":"","meta":[],"product_brand":[],"product_cat":[88],"product_tag":[89],"class_list":{"0":"post-989751","1":"product","2":"type-product","3":"status-publish","4":"has-post-thumbnail","6":"product_cat-clasica","7":"product_tag-clasica","9":"first","10":"instock","11":"shipping-taxable","12":"product-type-simple"},"_links":{"self":[{"href":"https:\/\/arzuagapipes.com\/es\/wp-json\/wp\/v2\/product\/989751","targetHints":{"allow":["GET"]}}],"collection":[{"href":"https:\/\/arzuagapipes.com\/es\/wp-json\/wp\/v2\/product"}],"about":[{"href":"https:\/\/arzuagapipes.com\/es\/wp-json\/wp\/v2\/types\/product"}],"version-history":[{"count":3,"href":"https:\/\/arzuagapipes.com\/es\/wp-json\/wp\/v2\/product\/989751\/revisions"}],"predecessor-version":[{"id":989771,"href":"https:\/\/arzuagapipes.com\/es\/wp-json\/wp\/v2\/product\/989751\/revisions\/989771"}],"wp:featuredmedia":[{"embeddable":true,"href":"https:\/\/arzuagapipes.com\/es\/wp-json\/wp\/v2\/media\/989759"}],"wp:attachment":[{"href":"https:\/\/arzuagapipes.com\/es\/wp-json\/wp\/v2\/media?parent=989751"}],"wp:term":[{"taxonomy":"product_brand","embeddable":true,"href":"https:\/\/arzuagapipes.com\/es\/wp-json\/wp\/v2\/product_brand?post=989751"},{"taxonomy":"product_cat","embeddable":true,"href":"https:\/\/arzuagapipes.com\/es\/wp-json\/wp\/v2\/product_cat?post=989751"},{"taxonomy":"product_tag","embeddable":true,"href":"https:\/\/arzuagapipes.com\/es\/wp-json\/wp\/v2\/product_tag?post=989751"}],"curies":[{"name":"wp","href":"https:\/\/api.w.org\/{rel}","templated":true}]}}