{"id":989776,"date":"2026-03-16T05:43:20","date_gmt":"2026-03-16T05:43:20","guid":{"rendered":"https:\/\/arzuagapipes.com\/?post_type=product&#038;p=989776"},"modified":"2026-03-16T05:56:06","modified_gmt":"2026-03-16T05:56:06","slug":"horse-hoof","status":"publish","type":"product","link":"https:\/\/arzuagapipes.com\/es\/producto\/horse-hoof\/","title":{"rendered":"HORSE HOOF"},"content":{"rendered":"<div class=\"vgblk-rw-wrapper limit-wrapper\"><em>Pipa de la pata de caballo realizada en briart bambu metal de alpaca y ebonita de tonos naranjas negro y aceituna. El cuerpo del tallado a mano se encuentra totalmente pulido dejando visto el ojo de p\u00e1jaro y el flameado lateral que se encuentra en horizontal. La extensi\u00f3n de bamb\u00fa presenta dos detalles importantes en el dise\u00f1o, la presencia de una esfera hecha en marfil vegetal ( tagua ) y colocada en el canal del bamb\u00fa que continua por el briart de manera org\u00e1nica, y en el final del ca\u00f1o un anillo de briart que termina con la forma natural de la piel del briar aportando un acabado impecable. La presencia de la herradura realizada en alpaca metal noble utilizado en joyer\u00eda y otras aplicaciones, la herradura es realizada a mano con sus clavos e instalada en la pipa tal y como se encuentra en el mundo real del caballo. Por \u00faltimo, esta pieza incorpora su prensador personalizado a juego con la pipa y un estuche de lujo m\u00e1s su expositor.<\/em><\/p>\n<p><em>Concepto de la pipa:<\/em><\/p>\n<p><em>Esta pipa no es solo la representaci\u00f3n del caballo es una extensi\u00f3n de la personalidad y filosof\u00eda de vida. Encarna fuerza y deseo, la memoria del camino en nuestro recorrido por la vida. HORSE HOOF<\/em><\/p>\n<p><em> <\/em><em>Longitud: 180 mm<\/em><\/p>\n<p><em>Altura de la cazoleta: 65 mm \u00d7 38 mm<\/em><\/p>\n<p><em>Di\u00e1metro del hornillo: 19 mm \u00d7 40 mm<\/em><\/p>\n<p><em>Boquilla: Ebonita alemana<\/em><\/p>\n<p><em>Peso: 71 g<\/em><\/p>\n<p><em>Filtro: No<\/em><\/p>\n<p><em>Dise\u00f1o: HORSE HOOF tallado a mano<\/em><\/p>\n<p><em>Materiales: brezo, bamb\u00fa, alpaca, madera Cumberland<\/em><\/p>\n<p><em>Marca: Arzuaga Pipes<\/em><\/p>\n<p><em>Briar Wood Art Studio<\/em><\/div>\n<p><!-- .vgblk-rw-wrapper --><\/p>\n","protected":false},"excerpt":{"rendered":"<p>Pipa de la pata de caballo realizada en briart bambu metal de alpaca y ebonita de tonos naranjas negro y aceituna. El cuerpo del tallado a mano se encuentra totalmente pulido dejando visto el ojo de p\u00e1jaro y el flameado lateral que se encuentra en horizontal. La extensi\u00f3n de bamb\u00fa presenta dos detalles importantes en el dise\u00f1o, la presencia de una esfera hecha en marfil vegetal ( tagua ) y colocada en el canal del bamb\u00fa que continua por el briart de manera org\u00e1nica, y en el final del ca\u00f1o un anillo de briart que termina con la forma natural de la piel del briar aportando un acabado impecable. La presencia de la herradura realizada en alpaca metal noble utilizado en joyer\u00eda y otras aplicaciones, la herradura es realizada a mano con sus clavos e instalada en la pipa tal y como se encuentra en el mundo real del caballo. Por \u00faltimo, esta pieza incorpora su prensador personalizado a juego con la pipa y un estuche de lujo m\u00e1s su expositor.<\/p>\n<p>Concepto de la pipa:<br \/>\nEsta pipa no es solo la representaci\u00f3n del caballo es una extensi\u00f3n de la personalidad y filosof\u00eda de vida. Encarna fuerza y deseo, la memoria del camino en nuestro recorrido por la vida.<\/p>\n<p>Longitud: 180 mm<br \/>\n<br \/>Altura de la cazoleta: 65 mm \u00d7 38 mm<br \/>\n<br \/>Di\u00e1metro del hornillo: 19 mm \u00d7 40 mm<br \/>\n<br \/>Boquilla: Ebonita alemana<br \/>\n<br \/>Peso: 71 g<br \/>\n<br \/>Filtro: No<br \/>\n<br \/>Dise\u00f1o: HORSE HOOF tallado a mano<br \/>\n<br \/>Materiales: brezo, bamb\u00fa, alpaca, madera Cumberland<br \/>\n<br \/>Marca: Arzuaga Pipes<br \/>\n<br \/>Briar Wood Art Studio<\/p>\n","protected":false},"featured_media":989782,"template":"","meta":[],"product_brand":[],"product_cat":[87],"product_tag":[90],"class_list":{"0":"post-989776","1":"product","2":"type-product","3":"status-publish","4":"has-post-thumbnail","6":"product_cat-tallada","7":"product_tag-tallada","9":"first","10":"instock","11":"shipping-taxable","12":"product-type-simple"},"_links":{"self":[{"href":"https:\/\/arzuagapipes.com\/es\/wp-json\/wp\/v2\/product\/989776","targetHints":{"allow":["GET"]}}],"collection":[{"href":"https:\/\/arzuagapipes.com\/es\/wp-json\/wp\/v2\/product"}],"about":[{"href":"https:\/\/arzuagapipes.com\/es\/wp-json\/wp\/v2\/types\/product"}],"version-history":[{"count":5,"href":"https:\/\/arzuagapipes.com\/es\/wp-json\/wp\/v2\/product\/989776\/revisions"}],"predecessor-version":[{"id":989793,"href":"https:\/\/arzuagapipes.com\/es\/wp-json\/wp\/v2\/product\/989776\/revisions\/989793"}],"wp:featuredmedia":[{"embeddable":true,"href":"https:\/\/arzuagapipes.com\/es\/wp-json\/wp\/v2\/media\/989782"}],"wp:attachment":[{"href":"https:\/\/arzuagapipes.com\/es\/wp-json\/wp\/v2\/media?parent=989776"}],"wp:term":[{"taxonomy":"product_brand","embeddable":true,"href":"https:\/\/arzuagapipes.com\/es\/wp-json\/wp\/v2\/product_brand?post=989776"},{"taxonomy":"product_cat","embeddable":true,"href":"https:\/\/arzuagapipes.com\/es\/wp-json\/wp\/v2\/product_cat?post=989776"},{"taxonomy":"product_tag","embeddable":true,"href":"https:\/\/arzuagapipes.com\/es\/wp-json\/wp\/v2\/product_tag?post=989776"}],"curies":[{"name":"wp","href":"https:\/\/api.w.org\/{rel}","templated":true}]}}