{"id":989799,"date":"2026-03-16T06:04:49","date_gmt":"2026-03-16T06:04:49","guid":{"rendered":"https:\/\/arzuagapipes.com\/?post_type=product&#038;p=989799"},"modified":"2026-03-16T06:15:15","modified_gmt":"2026-03-16T06:15:15","slug":"mustang","status":"publish","type":"product","link":"https:\/\/arzuagapipes.com\/es\/producto\/mustang\/","title":{"rendered":"MUSTANG"},"content":{"rendered":"<div class=\"vgblk-rw-wrapper limit-wrapper\"><em>Pieza inspirada en el caballo Mustang en el que se representa el busto en una expresi\u00f3n de movimiento velocidad y la energ\u00eda de este animal. La escultura presenta incrustaciones de hematita una piedra natural lo cual le aporta expresi\u00f3n, la boquilla es hecha a mano en metacrilato y dise\u00f1ada expresamente para este modelo, el cuerpo de la escultura esta tallada en la parte del rostro y dejando espacio en el cuerpo para dejar visto el color y flameado del briart, una mezcla de tallado y el conocido estilo libre en las pipas de dise\u00f1o.   <\/em><\/p>\n<p><em> <\/em><em>Longitud: 175 mm<\/em><\/p>\n<p><em>Altura del hornillo: 55 mm \u00d7 45 mm<\/em><\/p>\n<p><em>Di\u00e1metro del hornillo: 19 mm \u00d7 40 mm<\/em><\/p>\n<p><em>Boquilla: Metacrilato alem\u00e1n<\/em><\/p>\n<p><em>Peso: 90 g<\/em><\/p>\n<p><em>Filtro: No<\/em><\/p>\n<p><em>Dise\u00f1o: MUSTANG tallado a mano<\/em><\/p>\n<p><em>Materiales: Brezo, hematita, metacrilato<\/em><\/p>\n<p><em>Marca: Arzuaga Pipes<\/em><\/p>\n<p><em>Briar Wood Art Studio<\/em><\/div>\n<p><!-- .vgblk-rw-wrapper --><\/p>\n","protected":false},"excerpt":{"rendered":"<p>Pieza inspirada en el caballo Mustang en el que se representa el busto en una expresi\u00f3n de movimiento velocidad y la energ\u00eda de este animal. La escultura presenta incrustaciones de hematita una piedra natural lo cual le aporta expresi\u00f3n, la boquilla es hecha a mano en metacrilato y dise\u00f1ada expresamente para este modelo, el cuerpo de la escultura esta tallada en la parte del rostro y dejando espacio en el cuerpo para dejar visto el color y flameado del briart, una mezcla de tallado y el conocido estilo libre en las pipas de dise\u00f1o.   <\/p>\n<p>Longitud: 175 mm<br \/>\n<br \/>Altura del hornillo: 55 mm \u00d7 45 mm<br \/>\n<br \/>Di\u00e1metro del hornillo: 19 mm \u00d7 40 mm<br \/>\n<br \/>Boquilla: Metacrilato alem\u00e1n<br \/>\n<br \/>Peso: 90 g<br \/>\n<br \/>Filtro: No<br \/>\n<br \/>Dise\u00f1o: MUSTANG tallado a mano<br \/>\n<br \/>Materiales: Brezo, hematita, metacrilato<br \/>\n<br \/>Marca: Arzuaga Pipes<br \/>\n<br \/>Briar Wood Art Studio<\/p>\n","protected":false},"featured_media":989807,"template":"","meta":[],"product_brand":[],"product_cat":[87],"product_tag":[90],"class_list":{"0":"post-989799","1":"product","2":"type-product","3":"status-publish","4":"has-post-thumbnail","6":"product_cat-tallada","7":"product_tag-tallada","9":"first","10":"instock","11":"shipping-taxable","12":"product-type-simple"},"_links":{"self":[{"href":"https:\/\/arzuagapipes.com\/es\/wp-json\/wp\/v2\/product\/989799","targetHints":{"allow":["GET"]}}],"collection":[{"href":"https:\/\/arzuagapipes.com\/es\/wp-json\/wp\/v2\/product"}],"about":[{"href":"https:\/\/arzuagapipes.com\/es\/wp-json\/wp\/v2\/types\/product"}],"version-history":[{"count":2,"href":"https:\/\/arzuagapipes.com\/es\/wp-json\/wp\/v2\/product\/989799\/revisions"}],"predecessor-version":[{"id":989814,"href":"https:\/\/arzuagapipes.com\/es\/wp-json\/wp\/v2\/product\/989799\/revisions\/989814"}],"wp:featuredmedia":[{"embeddable":true,"href":"https:\/\/arzuagapipes.com\/es\/wp-json\/wp\/v2\/media\/989807"}],"wp:attachment":[{"href":"https:\/\/arzuagapipes.com\/es\/wp-json\/wp\/v2\/media?parent=989799"}],"wp:term":[{"taxonomy":"product_brand","embeddable":true,"href":"https:\/\/arzuagapipes.com\/es\/wp-json\/wp\/v2\/product_brand?post=989799"},{"taxonomy":"product_cat","embeddable":true,"href":"https:\/\/arzuagapipes.com\/es\/wp-json\/wp\/v2\/product_cat?post=989799"},{"taxonomy":"product_tag","embeddable":true,"href":"https:\/\/arzuagapipes.com\/es\/wp-json\/wp\/v2\/product_tag?post=989799"}],"curies":[{"name":"wp","href":"https:\/\/api.w.org\/{rel}","templated":true}]}}