{"id":989818,"date":"2026-03-16T06:21:01","date_gmt":"2026-03-16T06:21:01","guid":{"rendered":"https:\/\/arzuagapipes.com\/?post_type=product&#038;p=989818"},"modified":"2026-03-16T06:34:38","modified_gmt":"2026-03-16T06:34:38","slug":"cornetto","status":"publish","type":"product","link":"https:\/\/arzuagapipes.com\/es\/producto\/cornetto\/","title":{"rendered":"CORNETTO"},"content":{"rendered":"<div class=\"vgblk-rw-wrapper limit-wrapper\"><em>Cornetto realizado en briart extensi\u00f3n de bamb\u00fa, cumberland Ebonita y decoraciones en la ca\u00f1a de la pipa. Color del cuerpo de la pipa en la gama de marr\u00f3n claro con arenado suave. Dise\u00f1o org\u00e1nico y elegante para las tardes fr\u00edas junto al fuego y un buen tabaco. <\/em><\/p>\n<p><em>Especificaciones t\u00e9cnicas:<\/em><\/p>\n<p><em>Longitud: 170 mm<\/em><\/p>\n<p><em>Altura de la cazoleta: 60 mm \u00d7 45 mm<\/em><\/p>\n<p><em>Di\u00e1metro de la c\u00e1mara: 22 mm \u00d7 40 mm<\/em><\/p>\n<p><em>Boquilla: Metacrilato alem\u00e1n<\/em><\/p>\n<p><em>Peso: 58 g<\/em><\/p>\n<p><em>Filtro: No<\/em><\/p>\n<p><em>Dise\u00f1o: CORNETTO Tallado a mano<\/em><\/p>\n<p><em>Materiales: Brezo, bronce rojo, plata, Cumberland<\/em><\/p>\n<p><em>Marca: Arzuaga Pipes<\/em><\/p>\n<p><em>Briar Wood Art Studio<\/em><\/div>\n<p><!-- .vgblk-rw-wrapper --><\/p>\n","protected":false},"excerpt":{"rendered":"<p>Cornetto realizado en briart extensi\u00f3n de bamb\u00fa, cumberland Ebonita y decoraciones en la ca\u00f1a de la pipa. Color del cuerpo de la pipa en la gama de marr\u00f3n claro con arenado suave. Dise\u00f1o org\u00e1nico y elegante para las tardes fr\u00edas junto al fuego y un buen tabaco.<\/p>\n<p>Longitud: 170 mm<\/p>\n<p>Altura de la cazoleta: 60 mm \u00d7 45 mm<\/p>\n<p>Di\u00e1metro de la c\u00e1mara: 22 mm \u00d7 40 mm<\/p>\n<p>Boquilla: Metacrilato alem\u00e1n<\/p>\n<p>Peso: 58 g<\/p>\n<p>Filtro: No<\/p>\n<p>Dise\u00f1o: CORNETTO Tallado a mano<\/p>\n<p>Materiales: Brezo, bronce rojo, plata, Cumberland<\/p>\n<p>Marca: Arzuaga Pipes<\/p>\n<p>Briar Wood Art Studio<\/p>\n","protected":false},"featured_media":989826,"template":"","meta":[],"product_brand":[],"product_cat":[86],"product_tag":[91],"class_list":{"0":"post-989818","1":"product","2":"type-product","3":"status-publish","4":"has-post-thumbnail","6":"product_cat-artistica","7":"product_tag-artistica","9":"first","10":"instock","11":"shipping-taxable","12":"product-type-simple"},"_links":{"self":[{"href":"https:\/\/arzuagapipes.com\/es\/wp-json\/wp\/v2\/product\/989818","targetHints":{"allow":["GET"]}}],"collection":[{"href":"https:\/\/arzuagapipes.com\/es\/wp-json\/wp\/v2\/product"}],"about":[{"href":"https:\/\/arzuagapipes.com\/es\/wp-json\/wp\/v2\/types\/product"}],"version-history":[{"count":3,"href":"https:\/\/arzuagapipes.com\/es\/wp-json\/wp\/v2\/product\/989818\/revisions"}],"predecessor-version":[{"id":989835,"href":"https:\/\/arzuagapipes.com\/es\/wp-json\/wp\/v2\/product\/989818\/revisions\/989835"}],"wp:featuredmedia":[{"embeddable":true,"href":"https:\/\/arzuagapipes.com\/es\/wp-json\/wp\/v2\/media\/989826"}],"wp:attachment":[{"href":"https:\/\/arzuagapipes.com\/es\/wp-json\/wp\/v2\/media?parent=989818"}],"wp:term":[{"taxonomy":"product_brand","embeddable":true,"href":"https:\/\/arzuagapipes.com\/es\/wp-json\/wp\/v2\/product_brand?post=989818"},{"taxonomy":"product_cat","embeddable":true,"href":"https:\/\/arzuagapipes.com\/es\/wp-json\/wp\/v2\/product_cat?post=989818"},{"taxonomy":"product_tag","embeddable":true,"href":"https:\/\/arzuagapipes.com\/es\/wp-json\/wp\/v2\/product_tag?post=989818"}],"curies":[{"name":"wp","href":"https:\/\/api.w.org\/{rel}","templated":true}]}}