{"id":989836,"date":"2026-03-16T06:36:05","date_gmt":"2026-03-16T06:36:05","guid":{"rendered":"https:\/\/arzuagapipes.com\/?post_type=product&#038;p=989836"},"modified":"2026-03-16T06:48:26","modified_gmt":"2026-03-16T06:48:26","slug":"curved-cube","status":"publish","type":"product","link":"https:\/\/arzuagapipes.com\/es\/producto\/curved-cube\/","title":{"rendered":"CUBO CURVO"},"content":{"rendered":"<div class=\"vgblk-rw-wrapper limit-wrapper\"><em>Pipa de estilo libre de la serie cubista, presentando l\u00edneas marcadas y un efecto visual que juega con la forma creando diferentes perspectivas de la forma d\u00e1ndole un aspecto distinto en cada \u00e1ngulo, extensi\u00f3n de bamb\u00fa negro, con anillo en el final del ca\u00f1o hecho de brezo dejando visto la piel natural al final que le aporta un toque c\u00e1lido y contrastante en el dise\u00f1o. Presenta una extensi\u00f3n de bamb\u00fa negro con un anillo de brezo al final del ca\u00f1o, revelando la veta natural subyacente, lo que a\u00f1ade un toque c\u00e1lido y de contraste al dise\u00f1o. La boquilla de ebonita hecha a mano especialmente para este modelo.<\/em><\/p>\n<p><em>Especificaciones t\u00e9cnicas:<\/em><\/p>\n<p><em>Longitud: 165 mm<\/em><\/p>\n<p><em>Altura del hornillo: 60 mm \u00d7 35 mm<\/em><\/p>\n<p><em>Di\u00e1metro de la c\u00e1mara: 19 mm \u00d7 35 mm<\/em><\/p>\n<p><em>Boquilla: Ebonita alemana<\/em><\/p>\n<p><em>Peso: 50 g<\/em><\/p>\n<p><em>Filtro: No<\/em><\/p>\n<p><em>Dise\u00f1o: CUBO tallado a mano<\/em><\/p>\n<p><em>Materiales: Brezo, bamb\u00fa negro, ebonita negra<\/em><\/p>\n<p><em>Marca: Arzuaga Pipes<\/em><\/p>\n<p><em>Briar Wood Art Studio<\/em><\/div>\n<p><!-- .vgblk-rw-wrapper --><\/p>\n","protected":false},"excerpt":{"rendered":"<p>Pipa de estilo libre de la serie cubista, presentando l\u00edneas marcadas y un efecto visual que juega con la forma creando diferentes perspectivas de la forma d\u00e1ndole un aspecto distinto en cada \u00e1ngulo. Extensi\u00f3n de bamb\u00fa negro, con anillo en el final del ca\u00f1o hecho de brezo dejando visto la piel natural al final que le aporta un toque c\u00e1lido y contrastante en el dise\u00f1o La boquilla de ebonita hecha a mano especialmente para este modelo.<\/p>\n<p>Especificaciones t\u00e9cnicas:<br \/>\n<br \/>Longitud: 165 mm<br \/>\n<br \/>Altura del hornillo: 60 mm \u00d7 35 mm<br \/>\n<br \/>Di\u00e1metro de la c\u00e1mara: 19 mm \u00d7 35 mm<br \/>\n<br \/>Boquilla: Ebonita alemana<br \/>\n<br \/>Peso: 50 g<br \/>\n<br \/>Filtro: No<br \/>\n<br \/>Dise\u00f1o: CUBO tallado a mano<br \/>\n<br \/>Materiales: Brezo, bamb\u00fa negro, ebonita negra<br \/>\n<br \/>Marca: Arzuaga Pipes<br \/>\n<br \/>Briar Wood Art Studio<\/p>\n","protected":false},"featured_media":989845,"template":"","meta":[],"product_brand":[],"product_cat":[86],"product_tag":[91],"class_list":{"0":"post-989836","1":"product","2":"type-product","3":"status-publish","4":"has-post-thumbnail","6":"product_cat-artistica","7":"product_tag-artistica","9":"first","10":"instock","11":"shipping-taxable","12":"product-type-simple"},"_links":{"self":[{"href":"https:\/\/arzuagapipes.com\/es\/wp-json\/wp\/v2\/product\/989836","targetHints":{"allow":["GET"]}}],"collection":[{"href":"https:\/\/arzuagapipes.com\/es\/wp-json\/wp\/v2\/product"}],"about":[{"href":"https:\/\/arzuagapipes.com\/es\/wp-json\/wp\/v2\/types\/product"}],"version-history":[{"count":2,"href":"https:\/\/arzuagapipes.com\/es\/wp-json\/wp\/v2\/product\/989836\/revisions"}],"predecessor-version":[{"id":989853,"href":"https:\/\/arzuagapipes.com\/es\/wp-json\/wp\/v2\/product\/989836\/revisions\/989853"}],"wp:featuredmedia":[{"embeddable":true,"href":"https:\/\/arzuagapipes.com\/es\/wp-json\/wp\/v2\/media\/989845"}],"wp:attachment":[{"href":"https:\/\/arzuagapipes.com\/es\/wp-json\/wp\/v2\/media?parent=989836"}],"wp:term":[{"taxonomy":"product_brand","embeddable":true,"href":"https:\/\/arzuagapipes.com\/es\/wp-json\/wp\/v2\/product_brand?post=989836"},{"taxonomy":"product_cat","embeddable":true,"href":"https:\/\/arzuagapipes.com\/es\/wp-json\/wp\/v2\/product_cat?post=989836"},{"taxonomy":"product_tag","embeddable":true,"href":"https:\/\/arzuagapipes.com\/es\/wp-json\/wp\/v2\/product_tag?post=989836"}],"curies":[{"name":"wp","href":"https:\/\/api.w.org\/{rel}","templated":true}]}}