{"id":989855,"date":"2026-03-16T06:56:20","date_gmt":"2026-03-16T06:56:20","guid":{"rendered":"https:\/\/arzuagapipes.com\/?post_type=product&#038;p=989855"},"modified":"2026-03-16T07:15:57","modified_gmt":"2026-03-16T07:15:57","slug":"diamond","status":"publish","type":"product","link":"https:\/\/arzuagapipes.com\/es\/producto\/diamond\/","title":{"rendered":"DIAMANTE"},"content":{"rendered":"<div class=\"vgblk-rw-wrapper limit-wrapper\"><em>PIPA Inspirada en la elegante forma del diamante con una forma conservadora de la elegante pipa clasica. Con un color limpio y claro liso con ojos de perdiz en las caras laterales e inferior, dejando visto en la planta superior y laterales del ca\u00f1o de la pipa un grano apretado y perfecto, la boquilla realizada en color azul turquesa y anillo en plata.  <\/em><\/p>\n<p><em>Longitud: 150 mm<\/em><\/p>\n<p><em>Altura del hornillo: 58 mm \u00d7 50 mm<\/em><\/p>\n<p><em>Di\u00e1metro de la c\u00e1mara: 19 mm \u00d7 35 mm<\/em><\/p>\n<p><em>Boquilla: Ebonita alemana, turquesa<\/em><\/p>\n<p><em>Peso: 62 g<\/em><\/p>\n<p><em>Filtro: No<\/em><\/p>\n<p><em>Dise\u00f1o: DIAMOND<\/em><\/p>\n<p><em>Materiales: Brezo, ebonita, plata, Cumberland<\/em><\/p>\n<p><em>Marca: Arzuaga Smoking Pipes<\/em><\/div>\n<p><!-- .vgblk-rw-wrapper --><\/p>\n","protected":false},"excerpt":{"rendered":"<p>PIPA Inspirada en la elegante forma del diamante con una forma conservadora de la elegante pipa clasica. Con un color limpio y claro liso con ojos de perdiz en las caras laterales e inferior, dejando visto en la planta superior y laterales del ca\u00f1o de la pipa un grano apretado y perfecto, la boquilla realizada en color azul turquesa y anillo en plata.  <\/p>\n<p>Longitud: 150 mm<br \/>\n<br \/>Altura del hornillo: 58 mm \u00d7 50 mm<br \/>\n<br \/>Di\u00e1metro de la c\u00e1mara: 19 mm \u00d7 35 mm<br \/>\n<br \/>Boquilla: Ebonita alemana, turquesa<br \/>\n<br \/>Peso: 62 g<br \/>\n<br \/>Filtro: No<br \/>\n<br \/>Dise\u00f1o: DIAMOND<br \/>\n<br \/>Materiales: Brezo, ebonita, plata, Cumberland<br \/>\n<br \/>Marca: Arzuaga Smoking Pipes<br \/>\n<br \/>Briar Wood Art Studio<\/p>\n","protected":false},"featured_media":989863,"template":"","meta":[],"product_brand":[],"product_cat":[86],"product_tag":[91],"class_list":{"0":"post-989855","1":"product","2":"type-product","3":"status-publish","4":"has-post-thumbnail","6":"product_cat-artistica","7":"product_tag-artistica","9":"first","10":"instock","11":"shipping-taxable","12":"product-type-simple"},"_links":{"self":[{"href":"https:\/\/arzuagapipes.com\/es\/wp-json\/wp\/v2\/product\/989855","targetHints":{"allow":["GET"]}}],"collection":[{"href":"https:\/\/arzuagapipes.com\/es\/wp-json\/wp\/v2\/product"}],"about":[{"href":"https:\/\/arzuagapipes.com\/es\/wp-json\/wp\/v2\/types\/product"}],"version-history":[{"count":3,"href":"https:\/\/arzuagapipes.com\/es\/wp-json\/wp\/v2\/product\/989855\/revisions"}],"predecessor-version":[{"id":989889,"href":"https:\/\/arzuagapipes.com\/es\/wp-json\/wp\/v2\/product\/989855\/revisions\/989889"}],"wp:featuredmedia":[{"embeddable":true,"href":"https:\/\/arzuagapipes.com\/es\/wp-json\/wp\/v2\/media\/989863"}],"wp:attachment":[{"href":"https:\/\/arzuagapipes.com\/es\/wp-json\/wp\/v2\/media?parent=989855"}],"wp:term":[{"taxonomy":"product_brand","embeddable":true,"href":"https:\/\/arzuagapipes.com\/es\/wp-json\/wp\/v2\/product_brand?post=989855"},{"taxonomy":"product_cat","embeddable":true,"href":"https:\/\/arzuagapipes.com\/es\/wp-json\/wp\/v2\/product_cat?post=989855"},{"taxonomy":"product_tag","embeddable":true,"href":"https:\/\/arzuagapipes.com\/es\/wp-json\/wp\/v2\/product_tag?post=989855"}],"curies":[{"name":"wp","href":"https:\/\/api.w.org\/{rel}","templated":true}]}}