{"id":989872,"date":"2026-03-16T07:08:32","date_gmt":"2026-03-16T07:08:32","guid":{"rendered":"https:\/\/arzuagapipes.com\/?post_type=product&#038;p=989872"},"modified":"2026-03-16T07:16:47","modified_gmt":"2026-03-16T07:16:47","slug":"partridge","status":"publish","type":"product","link":"https:\/\/arzuagapipes.com\/es\/producto\/partridge\/","title":{"rendered":"PERDIZ"},"content":{"rendered":"<div class=\"vgblk-rw-wrapper limit-wrapper\"><em>Dise\u00f1o inspirado en la forma astracta de la perdiz, la pieza presenta en su cuerpo un rusticado a mano dejando partes vistas del biart en su forma lisa y pulida creando un alto contraste de color y texturas, la pieza se extiende con un detalle en el ca\u00f1o realizado con bambu negro y finalizado con un anillo de biar que termina en la forma natural del mismo, boquilla en ebonita alemana de color negro y aguas naranjas que contrastan con el color doble tono de la pieza. La pipa muestra una forma org\u00e1nica con una curvatura ligera y suave d\u00e1ndole el punto de equilibrio en la alzada creando una pose elegante y din\u00e1mica.   <\/em><\/p>\n<p><em>Especificaciones t\u00e9cnicas:<\/em><\/p>\n<p><em>Longitud: 155 mm<\/em><\/p>\n<p><em>Altura del hornillo: 55 mm \u00d7 55 mm<\/em><\/p>\n<p><em>Di\u00e1metro de la cazoleta: 19 mm \u00d7 32 mm<\/em><\/p>\n<p><em>Boquilla: Ebonita alemana<\/em><\/p>\n<p><em>Peso: 50 g<\/em><\/p>\n<p><em>Filtro: No<\/em><\/p>\n<p><em>Dise\u00f1o: PARTRIDGE tallado a mano<\/em><\/p>\n<p><em>Materiales: Brezo, Cumberland negro naranja, bamb\u00fa negro<\/em><\/p>\n<p><em>Marca: Arzuaga Pipes<\/em><\/p>\n<p><em>Briar Wood Art Studio<\/em><\/div>\n<p><!-- .vgblk-rw-wrapper --><\/p>\n","protected":false},"excerpt":{"rendered":"<p>Dise\u00f1o inspirado en la forma astracta de la perdiz, la pieza presenta en su cuerpo un rusticado a mano dejando partes vistas del biart en su forma lisa y pulida creando un alto contraste de color y texturas, la pieza se extiende con un detalle en el ca\u00f1o realizado con bambu negro y finalizado con un anillo de biar que termina en la forma natural del mismo, boquilla en ebonita alemana de color negro y aguas naranjas que contrastan con el color doble tono de la pieza. La pipa muestra una forma org\u00e1nica con una curvatura ligera y suave d\u00e1ndole el punto de equilibrio en la alzada creando una pose elegante y din\u00e1mica.   <\/p>\n<p>Especificaciones t\u00e9cnicas:<br \/>\n<br \/>Longitud: 155 mm<br \/>\n<br \/>Altura del hornillo: 55 mm \u00d7 55 mm<br \/>\n<br \/>Di\u00e1metro de la cazoleta: 19 mm \u00d7 32 mm<br \/>\n<br \/>Boquilla: Ebonita alemana<br \/>\n<br \/>Peso: 50 g<br \/>\n<br \/>Filtro: No<br \/>\n<br \/>Dise\u00f1o: PARTRIDGE tallado a mano<br \/>\n<br \/>Materiales: Brezo, Cumberland negro naranja, bamb\u00fa negro<br \/>\n<br \/>Marca: Arzuaga Pipes<br \/>\n<br \/>Briar Wood Art Studio<\/p>\n","protected":false},"featured_media":989881,"template":"","meta":[],"product_brand":[],"product_cat":[86],"product_tag":[91],"class_list":{"0":"post-989872","1":"product","2":"type-product","3":"status-publish","4":"has-post-thumbnail","6":"product_cat-artistica","7":"product_tag-artistica","9":"first","10":"instock","11":"shipping-taxable","12":"product-type-simple"},"_links":{"self":[{"href":"https:\/\/arzuagapipes.com\/es\/wp-json\/wp\/v2\/product\/989872","targetHints":{"allow":["GET"]}}],"collection":[{"href":"https:\/\/arzuagapipes.com\/es\/wp-json\/wp\/v2\/product"}],"about":[{"href":"https:\/\/arzuagapipes.com\/es\/wp-json\/wp\/v2\/types\/product"}],"version-history":[{"count":3,"href":"https:\/\/arzuagapipes.com\/es\/wp-json\/wp\/v2\/product\/989872\/revisions"}],"predecessor-version":[{"id":989891,"href":"https:\/\/arzuagapipes.com\/es\/wp-json\/wp\/v2\/product\/989872\/revisions\/989891"}],"wp:featuredmedia":[{"embeddable":true,"href":"https:\/\/arzuagapipes.com\/es\/wp-json\/wp\/v2\/media\/989881"}],"wp:attachment":[{"href":"https:\/\/arzuagapipes.com\/es\/wp-json\/wp\/v2\/media?parent=989872"}],"wp:term":[{"taxonomy":"product_brand","embeddable":true,"href":"https:\/\/arzuagapipes.com\/es\/wp-json\/wp\/v2\/product_brand?post=989872"},{"taxonomy":"product_cat","embeddable":true,"href":"https:\/\/arzuagapipes.com\/es\/wp-json\/wp\/v2\/product_cat?post=989872"},{"taxonomy":"product_tag","embeddable":true,"href":"https:\/\/arzuagapipes.com\/es\/wp-json\/wp\/v2\/product_tag?post=989872"}],"curies":[{"name":"wp","href":"https:\/\/api.w.org\/{rel}","templated":true}]}}