{"id":989893,"date":"2026-03-16T07:18:28","date_gmt":"2026-03-16T07:18:28","guid":{"rendered":"https:\/\/arzuagapipes.com\/?post_type=product&#038;p=989893"},"modified":"2026-03-16T07:28:56","modified_gmt":"2026-03-16T07:28:56","slug":"iroques","status":"publish","type":"product","link":"https:\/\/arzuagapipes.com\/es\/producto\/iroques\/","title":{"rendered":"IROQUES"},"content":{"rendered":"<div class=\"vgblk-rw-wrapper limit-wrapper\"><em>IROQUES est\u00e1 relacionada y creada a partir del arma com\u00fanmente utilizada para su defensa, b\u00e1sicamente es un garrote de madera con una bola pesada en la punta dando esta forma. La pipa es una recreaci\u00f3n de esta forma realizada en briart rusticada en la bola dandole textura y ese aspecto de masa de impacto, el ca\u00f1o est\u00e1 pulido con un acabado liso de color marron y con extencion de bambu con un acabado de briar al final. boquilla flotatante de color roja. La pipa en su conjunto es una pieza con identidad propia, elegante, ergon\u00f3mica y muy ligera f\u00e1cil de llevar a cualquier reuni\u00f3n de amigos en donde el tiempo es limitado.    <\/em><\/p>\n<p><em>Longitud: 140 mm<\/em><\/p>\n<p><em>Altura de la cazoleta: 48 mm \u00d7 44 mm<\/em><\/p>\n<p><em>Di\u00e1metro de la c\u00e1mara: 18 mm \u00d7 35 mm<\/em><\/p>\n<p><em>Boquilla: Metacrilato alem\u00e1n<\/em><\/p>\n<p><em>Peso: 40 g<\/em><\/p>\n<p><em>Filtro: No<\/em><\/p>\n<p><em>Dise\u00f1o: IROQUES tallado a mano<\/em><\/p>\n<p><em>Materiales: brezo, bamb\u00fa, metacrilato<\/em><\/p>\n<p><em>Marca: Arzuaga Pipes<\/em><\/p>\n<p><em>Briar Wood Art Studio<\/em><\/div>\n<p><!-- .vgblk-rw-wrapper --><\/p>\n","protected":false},"excerpt":{"rendered":"<p>IROQUES est\u00e1 relacionada y creada a partir del arma com\u00fanmente utilizada para su defensa, b\u00e1sicamente es un garrote de madera con una bola pesada en la punta dando esta forma. La pipa es una recreaci\u00f3n de esta forma realizada en briart rusticada en la bola dandole textura y ese aspecto de masa de impacto, el ca\u00f1o est\u00e1 pulido con un acabado liso de color marron y con extencion de bambu con un acabado de briar al final. boquilla flotatante de color roja. La pipa en su conjunto es una pieza con identidad propia, elegante, ergon\u00f3mica y muy ligera f\u00e1cil de llevar a cualquier reuni\u00f3n de amigos en donde el tiempo es limitado.    <\/p>\n<p>Especificaciones t\u00e9cnicas:<br \/>\n<br \/>Longitud: 140 mm<br \/>\n<br \/>Altura de la cazoleta: 48 mm \u00d7 44 mm<br \/>\n<br \/>Di\u00e1metro de la c\u00e1mara: 18 mm \u00d7 35 mm<br \/>\n<br \/>Boquilla: Metacrilato alem\u00e1n<br \/>\n<br \/>Peso: 40 g<br \/>\n<br \/>Filtro: No<br \/>\n<br \/>Dise\u00f1o: IROQUES tallado a mano<br \/>\n<br \/>Materiales: brezo, bamb\u00fa, metacrilato<br \/>\n<br \/>Marca: Arzuaga Pipes<br \/>\n<br \/>Briar Wood Art Studio<\/p>\n","protected":false},"featured_media":989901,"template":"","meta":[],"product_brand":[],"product_cat":[86],"product_tag":[91],"class_list":{"0":"post-989893","1":"product","2":"type-product","3":"status-publish","4":"has-post-thumbnail","6":"product_cat-artistica","7":"product_tag-artistica","9":"first","10":"instock","11":"shipping-taxable","12":"product-type-simple"},"_links":{"self":[{"href":"https:\/\/arzuagapipes.com\/es\/wp-json\/wp\/v2\/product\/989893","targetHints":{"allow":["GET"]}}],"collection":[{"href":"https:\/\/arzuagapipes.com\/es\/wp-json\/wp\/v2\/product"}],"about":[{"href":"https:\/\/arzuagapipes.com\/es\/wp-json\/wp\/v2\/types\/product"}],"version-history":[{"count":2,"href":"https:\/\/arzuagapipes.com\/es\/wp-json\/wp\/v2\/product\/989893\/revisions"}],"predecessor-version":[{"id":989908,"href":"https:\/\/arzuagapipes.com\/es\/wp-json\/wp\/v2\/product\/989893\/revisions\/989908"}],"wp:featuredmedia":[{"embeddable":true,"href":"https:\/\/arzuagapipes.com\/es\/wp-json\/wp\/v2\/media\/989901"}],"wp:attachment":[{"href":"https:\/\/arzuagapipes.com\/es\/wp-json\/wp\/v2\/media?parent=989893"}],"wp:term":[{"taxonomy":"product_brand","embeddable":true,"href":"https:\/\/arzuagapipes.com\/es\/wp-json\/wp\/v2\/product_brand?post=989893"},{"taxonomy":"product_cat","embeddable":true,"href":"https:\/\/arzuagapipes.com\/es\/wp-json\/wp\/v2\/product_cat?post=989893"},{"taxonomy":"product_tag","embeddable":true,"href":"https:\/\/arzuagapipes.com\/es\/wp-json\/wp\/v2\/product_tag?post=989893"}],"curies":[{"name":"wp","href":"https:\/\/api.w.org\/{rel}","templated":true}]}}