{"id":990259,"date":"2026-03-24T14:41:36","date_gmt":"2026-03-24T14:41:36","guid":{"rendered":"https:\/\/arzuagapipes.com\/product\/calabash\/"},"modified":"2026-04-06T20:40:17","modified_gmt":"2026-04-06T20:40:17","slug":"calabash","status":"publish","type":"product","link":"https:\/\/arzuagapipes.com\/es\/producto\/calabash\/","title":{"rendered":"CALABASH"},"content":{"rendered":"<div class=\"vgblk-rw-wrapper limit-wrapper\">Pipa estilo calabash con un toque moderno que conserva la forma e incluye l\u00edneas que dejan vista la flama del biart, el resto de la pipa se encuentra arenada con un color marr\u00f3n cl\u00e1sico. La boquilla est\u00e1 realizada en metacrilato con un delgado anillo marmolado y un tallado ergon\u00f3mico en forma de aleta.  <\/p>\n<p>Especificaciones t\u00e9cnicas:<\/p>\n<p>Longitud: 160 mm<\/p>\n<p>Altura del hornillo: 40 mm \u00d7 60 mm<\/p>\n<p>Di\u00e1metro de la cazoleta: 20 mm \u00d7 45 mm<\/p>\n<p>Boquilla: Metacrilato alem\u00e1n<\/p>\n<p>Peso: 57 g<\/p>\n<p>Filtro: No<\/p>\n<p>Dise\u00f1o: Calabash tallada a mano<\/p>\n<p>Materiales: Brezo, Metacrilato<\/p>\n<p>Marca: Arzuaga Pipes<\/p>\n<p>Briar Wood Art Studio<\/p><\/div>\n<p><!-- .vgblk-rw-wrapper --><\/p>\n","protected":false},"excerpt":{"rendered":"<p>Pipa estilo calabash con un toque moderno que conserva la forma e incluye l\u00edneas que dejan vista la flama del biart, el resto de la pipa se encuentra arenada con un color marr\u00f3n cl\u00e1sico. La boquilla est\u00e1 realizada en metacrilato con un delgado anillo marmolado y un tallado ergon\u00f3mico en forma de aleta.  <\/p>\n<p>Especificaciones t\u00e9cnicas:<br \/>\n<br \/>Longitud: 160 mm<br \/>\n<br \/>Altura del hornillo: 40 mm \u00d7 60 mm<br \/>\n<br \/>Di\u00e1metro de la cazoleta: 20 mm \u00d7 45 mm<br \/>\n<br \/>Boquilla: Metacrilato alem\u00e1n<br \/>\n<br \/>Peso: 57 g<br \/>\n<br \/>Filtro: No<br \/>\n<br \/>Dise\u00f1o: Calabash tallada a mano<br \/>\n<br \/>Materiales: Brezo, Metacrilato<br \/>\n<br \/>Marca: Arzuaga Pipes<br \/>\n<br \/>Briar Wood Art Studio<\/p>\n","protected":false},"featured_media":990253,"template":"","meta":[],"product_brand":[],"product_cat":[87],"product_tag":[90,102],"class_list":{"0":"post-990259","1":"product","2":"type-product","3":"status-publish","4":"has-post-thumbnail","6":"product_cat-tallada","7":"product_tag-tallada","8":"product_tag-tienda","10":"first","11":"instock","12":"shipping-taxable","13":"product-type-simple"},"_links":{"self":[{"href":"https:\/\/arzuagapipes.com\/es\/wp-json\/wp\/v2\/product\/990259","targetHints":{"allow":["GET"]}}],"collection":[{"href":"https:\/\/arzuagapipes.com\/es\/wp-json\/wp\/v2\/product"}],"about":[{"href":"https:\/\/arzuagapipes.com\/es\/wp-json\/wp\/v2\/types\/product"}],"version-history":[{"count":1,"href":"https:\/\/arzuagapipes.com\/es\/wp-json\/wp\/v2\/product\/990259\/revisions"}],"predecessor-version":[{"id":990421,"href":"https:\/\/arzuagapipes.com\/es\/wp-json\/wp\/v2\/product\/990259\/revisions\/990421"}],"wp:featuredmedia":[{"embeddable":true,"href":"https:\/\/arzuagapipes.com\/es\/wp-json\/wp\/v2\/media\/990253"}],"wp:attachment":[{"href":"https:\/\/arzuagapipes.com\/es\/wp-json\/wp\/v2\/media?parent=990259"}],"wp:term":[{"taxonomy":"product_brand","embeddable":true,"href":"https:\/\/arzuagapipes.com\/es\/wp-json\/wp\/v2\/product_brand?post=990259"},{"taxonomy":"product_cat","embeddable":true,"href":"https:\/\/arzuagapipes.com\/es\/wp-json\/wp\/v2\/product_cat?post=990259"},{"taxonomy":"product_tag","embeddable":true,"href":"https:\/\/arzuagapipes.com\/es\/wp-json\/wp\/v2\/product_tag?post=990259"}],"curies":[{"name":"wp","href":"https:\/\/api.w.org\/{rel}","templated":true}]}}