{"id":990275,"date":"2026-03-24T14:48:04","date_gmt":"2026-03-24T14:48:04","guid":{"rendered":"https:\/\/arzuagapipes.com\/product\/freestyle-bamboo\/"},"modified":"2026-04-06T20:22:54","modified_gmt":"2026-04-06T20:22:54","slug":"freestyle-bamboo","status":"publish","type":"product","link":"https:\/\/arzuagapipes.com\/es\/producto\/freestyle-bamboo\/","title":{"rendered":"FREESTYLE BAMB\u00da"},"content":{"rendered":"<div class=\"vgblk-rw-wrapper limit-wrapper\">Dise\u00f1o de estilo libre, inspirado en una BENT- POKER BAMB\u00da DE TRES ANILLOS, la cazoleta presenta una forma redondeada y ergon\u00f3mica facilitando la comodidad en mano, el brezo pulido y un flameado visible a dos tonos maron claro y naranja creando un contraste perfecto entre el negro de su boquilla y la calides del bambu. <\/p>\n<p>Especificaciones t\u00e9cnicas:<br \/>\nLongitud: 170 mm<br \/>\nAltura de la cazoleta: 50 mm \u00d7 47 mm<br \/>\nDi\u00e1metro de la c\u00e1mara: 21 mm \u00d7 35 mm<br \/>\nBoquilla: ebonita alemana<br \/>\nPeso: 51 g<br \/>\nFiltro: No<br \/>\nDise\u00f1o: FREESTYLE BAMBOO tallado a mano<br \/>\nMateriales: brezo, BAMBOO, EBONITE<br \/>\nMarca: Arzuaga Pipes<br \/>\nBriar Wood Art Studio\n<\/p><\/div>\n<p><!-- .vgblk-rw-wrapper --><\/p>\n","protected":false},"excerpt":{"rendered":"<p>Dise\u00f1o de estilo libre, inspirado en una BENT- POKER BAMB\u00da DE TRES ANILLOS, la cazoleta presenta una forma redondeada y ergon\u00f3mica facilitando la comodidad en mano, el brezo pulido y un flameado visible a dos tonos maron claro y naranja creando un contraste perfecto entre el negro de su boquilla y la calides del bambu. <\/p>\n<p>Especificaciones t\u00e9cnicas:<br \/>\n<br \/>Longitud: 170 mm<br \/>\n<br \/>Altura de la cazoleta: 50 mm \u00d7 47 mm<br \/>\n<br \/>Di\u00e1metro de la c\u00e1mara: 21 mm \u00d7 35 mm<br \/>\n<br \/>Boquilla: Ebonita alemana<br \/>\n<br \/>Peso: 51 g<br \/>\n<br \/>Filtro: No<br \/>\n<br \/>Dise\u00f1o: FREESTYLE BAMBOO tallado a mano<br \/>\n<br \/>Materiales: brezo, BAMBOO, EBONITE<br \/>\n<br \/>Marca: Arzuaga Pipes<br \/>\n<br \/>Briar Wood Art Studio<\/p>\n","protected":false},"featured_media":990268,"template":"","meta":[],"product_brand":[],"product_cat":[86],"product_tag":[91,102],"class_list":{"0":"post-990275","1":"product","2":"type-product","3":"status-publish","4":"has-post-thumbnail","6":"product_cat-artistica","7":"product_tag-artistica","8":"product_tag-tienda","10":"first","11":"instock","12":"shipping-taxable","13":"product-type-simple"},"_links":{"self":[{"href":"https:\/\/arzuagapipes.com\/es\/wp-json\/wp\/v2\/product\/990275","targetHints":{"allow":["GET"]}}],"collection":[{"href":"https:\/\/arzuagapipes.com\/es\/wp-json\/wp\/v2\/product"}],"about":[{"href":"https:\/\/arzuagapipes.com\/es\/wp-json\/wp\/v2\/types\/product"}],"version-history":[{"count":1,"href":"https:\/\/arzuagapipes.com\/es\/wp-json\/wp\/v2\/product\/990275\/revisions"}],"predecessor-version":[{"id":990295,"href":"https:\/\/arzuagapipes.com\/es\/wp-json\/wp\/v2\/product\/990275\/revisions\/990295"}],"wp:featuredmedia":[{"embeddable":true,"href":"https:\/\/arzuagapipes.com\/es\/wp-json\/wp\/v2\/media\/990268"}],"wp:attachment":[{"href":"https:\/\/arzuagapipes.com\/es\/wp-json\/wp\/v2\/media?parent=990275"}],"wp:term":[{"taxonomy":"product_brand","embeddable":true,"href":"https:\/\/arzuagapipes.com\/es\/wp-json\/wp\/v2\/product_brand?post=990275"},{"taxonomy":"product_cat","embeddable":true,"href":"https:\/\/arzuagapipes.com\/es\/wp-json\/wp\/v2\/product_cat?post=990275"},{"taxonomy":"product_tag","embeddable":true,"href":"https:\/\/arzuagapipes.com\/es\/wp-json\/wp\/v2\/product_tag?post=990275"}],"curies":[{"name":"wp","href":"https:\/\/api.w.org\/{rel}","templated":true}]}}