{"id":990294,"date":"2026-03-24T14:54:02","date_gmt":"2026-03-24T14:54:02","guid":{"rendered":"https:\/\/arzuagapipes.com\/product\/half-bent-panel\/"},"modified":"2026-04-06T20:22:17","modified_gmt":"2026-04-06T20:22:17","slug":"half-bent-panel","status":"publish","type":"product","link":"https:\/\/arzuagapipes.com\/es\/producto\/half-bent-panel\/","title":{"rendered":"HALF-BENT PANEL"},"content":{"rendered":"<div class=\"vgblk-rw-wrapper limit-wrapper\">Pipas artesanales semi-curvas de 9 mm con boquillas tipo Peterson, labio semicircular y orificio superior.  Ambas presentan brezo flameado a la perfecci\u00f3n, lo que les confiere su belleza caracter\u00edstica.<\/p>\n<p>Especificaciones T\u00e9cnicas:<br \/>\nLongitud: 140 mm<br \/>\nAltura de la cazoleta: 40 mm \u00d7 42 mm<br \/>\nDi\u00e1metro de la c\u00e1mara: 19 mm \u00d7 40 mm<br \/>\nBoquilla: Metacrilato alem\u00e1n de 9 mm<br \/>\nPeso: 50 g<br \/>\nFiltro: 9 mm<br \/>\nDise\u00f1o: Panel \u00abHalf-Bent\u00bb tallado a mano<br \/>\nMateriales: Brezo, Metacrilato<br \/>\nMarca: Arzuaga Pipes<\/p><\/div>\n<p><!-- .vgblk-rw-wrapper --><\/p>\n","protected":false},"excerpt":{"rendered":"<p>Pipas artesanales semi-curvas de 9 mm con boquillas tipo Peterson, labio semicircular y orificio superior. Una de ellas presenta un drag\u00f3n tallado en bajorrelieve alrededor de la cazoleta. Ambas presentan brezo flameado a la perfecci\u00f3n, lo que les confiere su belleza caracter\u00edstica.<\/p>\n<p>Especificaciones t\u00e9cnicas:<br \/>\n<br \/>Longitud: 140 mm<br \/>\n<br \/>Altura de la cazoleta: 40 mm \u00d7 42 mm<br \/>\n<br \/>Di\u00e1metro del hornillo: 19 mm \u00d7 40 mm<br \/>\n<br \/>Boquilla: Metacrilato alem\u00e1n de 9 mm<br \/>\n<br \/>Peso: 50 g<br \/>\n<br \/>Filtro: 9 mm<br \/>\n<br \/>Dise\u00f1o: Panel \u00abHalf-Bent\u00bb tallado a mano<br \/>\n<br \/>Materiales: Brezo, Metacrilato<br \/>\n<br \/>Marca: Arzuaga Pipes<\/p>\n","protected":false},"featured_media":990286,"template":"","meta":[],"product_brand":[],"product_cat":[88],"product_tag":[89,102],"class_list":{"0":"post-990294","1":"product","2":"type-product","3":"status-publish","4":"has-post-thumbnail","6":"product_cat-clasica","7":"product_tag-clasica","8":"product_tag-tienda","10":"first","11":"instock","12":"shipping-taxable","13":"product-type-variable","14":"has-default-attributes"},"_links":{"self":[{"href":"https:\/\/arzuagapipes.com\/es\/wp-json\/wp\/v2\/product\/990294","targetHints":{"allow":["GET"]}}],"collection":[{"href":"https:\/\/arzuagapipes.com\/es\/wp-json\/wp\/v2\/product"}],"about":[{"href":"https:\/\/arzuagapipes.com\/es\/wp-json\/wp\/v2\/types\/product"}],"version-history":[{"count":2,"href":"https:\/\/arzuagapipes.com\/es\/wp-json\/wp\/v2\/product\/990294\/revisions"}],"predecessor-version":[{"id":990419,"href":"https:\/\/arzuagapipes.com\/es\/wp-json\/wp\/v2\/product\/990294\/revisions\/990419"}],"wp:featuredmedia":[{"embeddable":true,"href":"https:\/\/arzuagapipes.com\/es\/wp-json\/wp\/v2\/media\/990286"}],"wp:attachment":[{"href":"https:\/\/arzuagapipes.com\/es\/wp-json\/wp\/v2\/media?parent=990294"}],"wp:term":[{"taxonomy":"product_brand","embeddable":true,"href":"https:\/\/arzuagapipes.com\/es\/wp-json\/wp\/v2\/product_brand?post=990294"},{"taxonomy":"product_cat","embeddable":true,"href":"https:\/\/arzuagapipes.com\/es\/wp-json\/wp\/v2\/product_cat?post=990294"},{"taxonomy":"product_tag","embeddable":true,"href":"https:\/\/arzuagapipes.com\/es\/wp-json\/wp\/v2\/product_tag?post=990294"}],"curies":[{"name":"wp","href":"https:\/\/api.w.org\/{rel}","templated":true}]}}