{"id":990312,"date":"2026-03-24T15:04:52","date_gmt":"2026-03-24T15:04:52","guid":{"rendered":"https:\/\/arzuagapipes.com\/product\/oliphant\/"},"modified":"2026-04-06T20:22:04","modified_gmt":"2026-04-06T20:22:04","slug":"oliphant","status":"publish","type":"product","link":"https:\/\/arzuagapipes.com\/es\/producto\/oliphant\/","title":{"rendered":"OLIPHANT"},"content":{"rendered":"<div class=\"vgblk-rw-wrapper limit-wrapper\">Hecha a mano, en brezo liso con una veta horizontal en la parte superior e inferior de la pipa y ojos de perdiz vistos en los laterales de la pieza. L\u00edneas suaves en el cuerpo de la pipa extendi\u00e9ndose a la boquilla terminando en forma de aleta. Color en dos tonos, marr\u00f3n oscuro y amarillo creando un alto contraste del flameado y los ojos de perdiz, pulido en cera de carnauba.  <\/p>\n<p>Especificaciones t\u00e9cnicas:<br \/>\nLongitud: 140 mm<br \/>\nAltura del hornillo: 35 mm \u00d7 45 mm<br \/>\nDi\u00e1metro del hornillo: 21 mm \u00d7 40 mm<br \/>\nBoquilla: Metacrilato alem\u00e1n<br \/>\nPeso: 47 g<br \/>\nFiltro: No<br \/>\nDise\u00f1o: OLIPHANT. Tallada a mano<br \/>\nMateriales: Brezo, metacrilato<br \/>\nMarca: Arzuaga Pipes<br \/>\nBriar Wood Art Studio.\n<\/p><\/div>\n<p><!-- .vgblk-rw-wrapper --><\/p>\n","protected":false},"excerpt":{"rendered":"<p>Hecha a mano, en brezo liso con una veta horizontal en la parte superior e inferior de la pipa y ojos de perdiz vistos en los laterales de la pieza. L\u00edneas suaves en el cuerpo de la pipa extendi\u00e9ndose a la boquilla terminando en forma de aleta. Color en dos tonos, marr\u00f3n oscuro y amarillo creando un alto contraste del flameado y los ojos de perdiz, pulido en cera de carnauba.  <\/p>\n<p>Especificaciones t\u00e9cnicas:<br \/>\n<br \/>Longitud: 140 mm<br \/>\n<br \/>Altura del hornillo: 35 mm \u00d7 45 mm<br \/>\n<br \/>Di\u00e1metro del hornillo: 21 mm \u00d7 40 mm<br \/>\n<br \/>Boquilla: Metacrilato alem\u00e1n<br \/>\n<br \/>Peso: 47 g<br \/>\n<br \/>Filtro: No<br \/>\n<br \/>Dise\u00f1o: OLIPHANT. Tallada a mano<br \/>\n<br \/>Materiales: Brezo, Metacrilato<br \/>\n<br \/>Marca: Arzuaga Pipes<br \/>\n<br \/>Briar Wood Art Studio.<\/p>\n","protected":false},"featured_media":990305,"template":"","meta":[],"product_brand":[],"product_cat":[86],"product_tag":[91,102],"class_list":{"0":"post-990312","1":"product","2":"type-product","3":"status-publish","4":"has-post-thumbnail","6":"product_cat-artistica","7":"product_tag-artistica","8":"product_tag-tienda","10":"first","11":"instock","12":"shipping-taxable","13":"product-type-simple"},"_links":{"self":[{"href":"https:\/\/arzuagapipes.com\/es\/wp-json\/wp\/v2\/product\/990312","targetHints":{"allow":["GET"]}}],"collection":[{"href":"https:\/\/arzuagapipes.com\/es\/wp-json\/wp\/v2\/product"}],"about":[{"href":"https:\/\/arzuagapipes.com\/es\/wp-json\/wp\/v2\/types\/product"}],"version-history":[{"count":2,"href":"https:\/\/arzuagapipes.com\/es\/wp-json\/wp\/v2\/product\/990312\/revisions"}],"predecessor-version":[{"id":990420,"href":"https:\/\/arzuagapipes.com\/es\/wp-json\/wp\/v2\/product\/990312\/revisions\/990420"}],"wp:featuredmedia":[{"embeddable":true,"href":"https:\/\/arzuagapipes.com\/es\/wp-json\/wp\/v2\/media\/990305"}],"wp:attachment":[{"href":"https:\/\/arzuagapipes.com\/es\/wp-json\/wp\/v2\/media?parent=990312"}],"wp:term":[{"taxonomy":"product_brand","embeddable":true,"href":"https:\/\/arzuagapipes.com\/es\/wp-json\/wp\/v2\/product_brand?post=990312"},{"taxonomy":"product_cat","embeddable":true,"href":"https:\/\/arzuagapipes.com\/es\/wp-json\/wp\/v2\/product_cat?post=990312"},{"taxonomy":"product_tag","embeddable":true,"href":"https:\/\/arzuagapipes.com\/es\/wp-json\/wp\/v2\/product_tag?post=990312"}],"curies":[{"name":"wp","href":"https:\/\/api.w.org\/{rel}","templated":true}]}}