{"id":990329,"date":"2026-03-24T15:09:27","date_gmt":"2026-03-24T15:09:27","guid":{"rendered":"https:\/\/arzuagapipes.com\/product\/oliphant-bambu\/"},"modified":"2026-04-06T20:21:26","modified_gmt":"2026-04-06T20:21:26","slug":"oliphant-bambu","status":"publish","type":"product","link":"https:\/\/arzuagapipes.com\/es\/producto\/oliphant-bambu\/","title":{"rendered":"OLIPHANT BAMB\u00da"},"content":{"rendered":"<div class=\"vgblk-rw-wrapper limit-wrapper\">Pipa oliphant con un dise\u00f1o de estilo libre y extensi\u00f3n de bamb\u00fa y anillado en ebonita, el dise\u00f1o presenta una forma ergon\u00f3mica en el cuerpo de la cazoleta lo cual le da un toque moderno y confort en el agarre de la pipa , color a dos tonos en la gama del marron y amarillo creeando un alto contraste con el bambu. Esta pieza est\u00e1 hecha a mano alzada en toda su construcci\u00f3n.   <\/p>\n<p>Especificaciones t\u00e9cnicas:<br \/>\nLongitud: 170 mm<br \/>\nAltura del hornillo: 45 mm \u00d7 65 mm<br \/>\nDi\u00e1metro de la cazoleta: 23 mm \u00d7 45 mm<br \/>\nBoquilla: Ebonita alemana<br \/>\nPeso: 66 g<br \/>\nFiltro: No<br \/>\nDise\u00f1o: OLIPHANT Bamb\u00fa tallado a mano<br \/>\nMateriales: Brezo, bamb\u00fa, ebonita<br \/>\nMarca: Arzuaga Pipes<br \/>\nBriar Wood Art Studio<\/p><\/div>\n<p><!-- .vgblk-rw-wrapper --><\/p>\n","protected":false},"excerpt":{"rendered":"<p>Pipa oliphant con un dise\u00f1o de estilo libre y extensi\u00f3n de bamb\u00fa y anillado en ebonita, el dise\u00f1o presenta una forma ergon\u00f3mica en el cuerpo de la cazoleta lo cual le da un toque moderno y confort en el agarre de la pipa , color a dos tonos en la gama del marron y amarillo creeando un alto contraste con el bambu. Esta pieza est\u00e1 hecha a mano alzada en toda su construcci\u00f3n.   <\/p>\n<p>Especificaciones t\u00e9cnicas:<br \/>\n<br \/>Longitud: 170 mm<br \/>\n<br \/>Altura del hornillo: 45 mm \u00d7 65 mm<br \/>\n<br \/>Di\u00e1metro de la cazoleta: 23 mm \u00d7 45 mm<br \/>\n<br \/>Boquilla: Ebonita alemana<br \/>\n<br \/>Peso: 66 g<br \/>\n<br \/>Filtro: No<br \/>\n<br \/>Dise\u00f1o: OLIPHANT Bamb\u00fa tallado a mano<br \/>\n<br \/>Materiales: Brezo, bamb\u00fa, ebonita<br \/>\n<br \/>Marca: Arzuaga Pipes<br \/>\n<br \/>Briar Wood Art Studio<\/p>\n","protected":false},"featured_media":990322,"template":"","meta":[],"product_brand":[],"product_cat":[86],"product_tag":[91,102],"class_list":{"0":"post-990329","1":"product","2":"type-product","3":"status-publish","4":"has-post-thumbnail","6":"product_cat-artistica","7":"product_tag-artistica","8":"product_tag-tienda","10":"first","11":"instock","12":"shipping-taxable","13":"product-type-simple"},"_links":{"self":[{"href":"https:\/\/arzuagapipes.com\/es\/wp-json\/wp\/v2\/product\/990329","targetHints":{"allow":["GET"]}}],"collection":[{"href":"https:\/\/arzuagapipes.com\/es\/wp-json\/wp\/v2\/product"}],"about":[{"href":"https:\/\/arzuagapipes.com\/es\/wp-json\/wp\/v2\/types\/product"}],"version-history":[{"count":2,"href":"https:\/\/arzuagapipes.com\/es\/wp-json\/wp\/v2\/product\/990329\/revisions"}],"predecessor-version":[{"id":990418,"href":"https:\/\/arzuagapipes.com\/es\/wp-json\/wp\/v2\/product\/990329\/revisions\/990418"}],"wp:featuredmedia":[{"embeddable":true,"href":"https:\/\/arzuagapipes.com\/es\/wp-json\/wp\/v2\/media\/990322"}],"wp:attachment":[{"href":"https:\/\/arzuagapipes.com\/es\/wp-json\/wp\/v2\/media?parent=990329"}],"wp:term":[{"taxonomy":"product_brand","embeddable":true,"href":"https:\/\/arzuagapipes.com\/es\/wp-json\/wp\/v2\/product_brand?post=990329"},{"taxonomy":"product_cat","embeddable":true,"href":"https:\/\/arzuagapipes.com\/es\/wp-json\/wp\/v2\/product_cat?post=990329"},{"taxonomy":"product_tag","embeddable":true,"href":"https:\/\/arzuagapipes.com\/es\/wp-json\/wp\/v2\/product_tag?post=990329"}],"curies":[{"name":"wp","href":"https:\/\/api.w.org\/{rel}","templated":true}]}}